{"id":520228,"date":"2023-01-03T09:57:06","date_gmt":"2023-01-03T08:57:06","guid":{"rendered":"https:\/\/tilefly.com\/?post_type=product&#038;p=520228"},"modified":"2026-04-12T04:16:09","modified_gmt":"2026-04-12T02:16:09","slug":"boiserie-blanco-mate-rect-30x90","status":"publish","type":"product","link":"https:\/\/tilefly.com\/es\/producto\/boiserie-blanco-mate-rect-30x90\/","title":{"rendered":"BOISERIE BLANCO MATE RECT. 30X90"},"content":{"rendered":"<div class=\"woocommerce-tabs wc-tabs-wrapper\"><div id=\"tab-description\" class=\"woocommerce-Tabs-panel woocommerce-Tabs-panel--description panel entry-content wc-tab\" role=\"tabpanel\" aria-labelledby=\"tab-title-description\"><p>Revestimiento de pared pasta blanca en medida 30\u00d790 con relieve.<br \/>La fuente de inspiraci\u00f3n de Fables es la boiserie, un t\u00e9rmino usado para definir a los paneles de madera en paredes. Las boiseries eran<br \/>muy populares en la Francia de los siglos XVII y XVIII como decoraciones internas en palacios y mansiones.<br \/>En Versalles hay numerosos ejemplos de estos tipos de decoraciones. Los paneles se usaban no solo en decorar las paredes, sino tambi\u00e9n puertas y separaciones. Fables lleva ese esp\u00edritu decorativo y elegante a las estancias del hogar.<\/p><\/div><\/div>","protected":false},"excerpt":{"rendered":"<p>Revestimiento de pared pasta blanca en medida 30\u00d790 con relieve.La fuente de inspiraci\u00f3n de Fables es la boiserie, un t\u00e9rmino usado para definir a los paneles de madera en paredes. Las boiseries eranmuy populares en la Francia de los siglos XVII y XVIII como decoraciones internas en palacios y mansiones.En Versalles hay numerosos ejemplos de [&hellip;]<\/p>\n","protected":false},"featured_media":520229,"comment_status":"closed","ping_status":"closed","template":"","meta":[],"product_brand":[],"product_cat":[867],"product_tag":[],"class_list":{"0":"post-520228","1":"product","2":"type-product","3":"status-publish","4":"has-post-thumbnail","6":"product_cat-senza-categoria","8":"first","9":"outofstock","10":"shipping-taxable","11":"purchasable","12":"product-type-simple"},"_links":{"self":[{"href":"https:\/\/tilefly.com\/es\/wp-json\/wp\/v2\/product\/520228","targetHints":{"allow":["GET"]}}],"collection":[{"href":"https:\/\/tilefly.com\/es\/wp-json\/wp\/v2\/product"}],"about":[{"href":"https:\/\/tilefly.com\/es\/wp-json\/wp\/v2\/types\/product"}],"replies":[{"embeddable":true,"href":"https:\/\/tilefly.com\/es\/wp-json\/wp\/v2\/comments?post=520228"}],"wp:featuredmedia":[{"embeddable":true,"href":"https:\/\/tilefly.com\/es\/wp-json\/wp\/v2\/media\/520229"}],"wp:attachment":[{"href":"https:\/\/tilefly.com\/es\/wp-json\/wp\/v2\/media?parent=520228"}],"wp:term":[{"taxonomy":"product_brand","embeddable":true,"href":"https:\/\/tilefly.com\/es\/wp-json\/wp\/v2\/product_brand?post=520228"},{"taxonomy":"product_cat","embeddable":true,"href":"https:\/\/tilefly.com\/es\/wp-json\/wp\/v2\/product_cat?post=520228"},{"taxonomy":"product_tag","embeddable":true,"href":"https:\/\/tilefly.com\/es\/wp-json\/wp\/v2\/product_tag?post=520228"}],"curies":[{"name":"wp","href":"https:\/\/api.w.org\/{rel}","templated":true}]}}