{"id":514393,"date":"2022-03-18T09:58:23","date_gmt":"2022-03-18T08:58:23","guid":{"rendered":"https:\/\/tilefly.com\/?post_type=product&#038;p=514393"},"modified":"2023-07-17T17:13:40","modified_gmt":"2023-07-17T15:13:40","slug":"calacatta-bianco-natural-30x60","status":"publish","type":"product","link":"https:\/\/tilefly.com\/es\/producto\/calacatta-bianco-natural-30x60\/","title":{"rendered":"CALACATTA BIANCO NATURAL 30X60"},"content":{"rendered":"<p>Revestimiento pasta blanca con formato 30&#215;60 en acabado natural.<\/p><p>A juego se encuentra disponible el revestimiento decorado Calacatta Bianco Panal en formato 30&#215;60 en acabado natural.<\/p><p>La elegancia de un cl\u00e1sico atemporal, el m\u00e1rmol, un cl\u00e1sico irremplazable en la historia del dise\u00f1o y el interiorismo.<\/p><p>Esta serie est\u00e1 disponible en acabado brillo y natural.<\/p>","protected":false},"excerpt":{"rendered":"<p>Revestimiento pasta blanca con formato 30&#215;60 en acabado natural.A juego se encuentra disponible el revestimiento decorado Calacatta Bianco Panal en formato 30&#215;60 en acabado natural.La elegancia de un cl\u00e1sico atemporal, el m\u00e1rmol, un cl\u00e1sico irremplazable en la historia del dise\u00f1o y el interiorismo.Esta serie est\u00e1 disponible en acabado brillo y natural.<\/p>\n","protected":false},"featured_media":514461,"comment_status":"closed","ping_status":"closed","template":"","meta":[],"product_brand":[],"product_cat":[305,306,304],"product_tag":[],"class_list":{"0":"post-514393","1":"product","2":"type-product","3":"status-publish","4":"has-post-thumbnail","6":"product_cat-banos","7":"product_cat-cocina","8":"product_cat-revestimiento","10":"first","11":"outofstock","12":"shipping-taxable","13":"purchasable","14":"product-type-simple"},"_links":{"self":[{"href":"https:\/\/tilefly.com\/es\/wp-json\/wp\/v2\/product\/514393","targetHints":{"allow":["GET"]}}],"collection":[{"href":"https:\/\/tilefly.com\/es\/wp-json\/wp\/v2\/product"}],"about":[{"href":"https:\/\/tilefly.com\/es\/wp-json\/wp\/v2\/types\/product"}],"replies":[{"embeddable":true,"href":"https:\/\/tilefly.com\/es\/wp-json\/wp\/v2\/comments?post=514393"}],"wp:featuredmedia":[{"embeddable":true,"href":"https:\/\/tilefly.com\/es\/wp-json\/wp\/v2\/media\/514461"}],"wp:attachment":[{"href":"https:\/\/tilefly.com\/es\/wp-json\/wp\/v2\/media?parent=514393"}],"wp:term":[{"taxonomy":"product_brand","embeddable":true,"href":"https:\/\/tilefly.com\/es\/wp-json\/wp\/v2\/product_brand?post=514393"},{"taxonomy":"product_cat","embeddable":true,"href":"https:\/\/tilefly.com\/es\/wp-json\/wp\/v2\/product_cat?post=514393"},{"taxonomy":"product_tag","embeddable":true,"href":"https:\/\/tilefly.com\/es\/wp-json\/wp\/v2\/product_tag?post=514393"}],"curies":[{"name":"wp","href":"https:\/\/api.w.org\/{rel}","templated":true}]}}