{"id":514025,"date":"2022-01-31T17:25:09","date_gmt":"2022-01-31T16:25:09","guid":{"rendered":"https:\/\/tilefly.com\/?post_type=product&#038;p=514025"},"modified":"2025-12-13T01:19:52","modified_gmt":"2025-12-13T00:19:52","slug":"coccio-mix-rect-30x30","status":"publish","type":"product","link":"https:\/\/tilefly.com\/es\/producto\/coccio-mix-rect-30x30\/","title":{"rendered":"COCCIO MIX RECT. 30X30"},"content":{"rendered":"<p>Una reinterpretaci\u00f3n del cl\u00e1sico terrazo llevado a una paleta de color que intensifica los tonos c\u00e1lidos.<br \/>Un dise\u00f1o contempor\u00e1neo y lleno de personalidad.<\/p><p>Disponible en medidas 30&#215;30, 60&#215;60 y 120&#215;120 cm<\/p>","protected":false},"excerpt":{"rendered":"<p>Una reinterpretaci\u00f3n del cl\u00e1sico terrazo llevado a una paleta de color que intensifica los tonos c\u00e1lidos.Un dise\u00f1o contempor\u00e1neo y lleno de personalidad.Disponible en medidas 30&#215;30, 60&#215;60 y 120&#215;120 cm<\/p>\n","protected":false},"featured_media":514026,"comment_status":"closed","ping_status":"closed","template":"","meta":[],"product_brand":[],"product_cat":[303,305,306,304,307],"product_tag":[],"class_list":{"0":"post-514025","1":"product","2":"type-product","3":"status-publish","4":"has-post-thumbnail","6":"product_cat-baldosas","7":"product_cat-banos","8":"product_cat-cocina","9":"product_cat-revestimiento","10":"product_cat-salon","12":"first","13":"instock","14":"shipping-taxable","15":"purchasable","16":"product-type-simple"},"_links":{"self":[{"href":"https:\/\/tilefly.com\/es\/wp-json\/wp\/v2\/product\/514025","targetHints":{"allow":["GET"]}}],"collection":[{"href":"https:\/\/tilefly.com\/es\/wp-json\/wp\/v2\/product"}],"about":[{"href":"https:\/\/tilefly.com\/es\/wp-json\/wp\/v2\/types\/product"}],"replies":[{"embeddable":true,"href":"https:\/\/tilefly.com\/es\/wp-json\/wp\/v2\/comments?post=514025"}],"wp:featuredmedia":[{"embeddable":true,"href":"https:\/\/tilefly.com\/es\/wp-json\/wp\/v2\/media\/514026"}],"wp:attachment":[{"href":"https:\/\/tilefly.com\/es\/wp-json\/wp\/v2\/media?parent=514025"}],"wp:term":[{"taxonomy":"product_brand","embeddable":true,"href":"https:\/\/tilefly.com\/es\/wp-json\/wp\/v2\/product_brand?post=514025"},{"taxonomy":"product_cat","embeddable":true,"href":"https:\/\/tilefly.com\/es\/wp-json\/wp\/v2\/product_cat?post=514025"},{"taxonomy":"product_tag","embeddable":true,"href":"https:\/\/tilefly.com\/es\/wp-json\/wp\/v2\/product_tag?post=514025"}],"curies":[{"name":"wp","href":"https:\/\/api.w.org\/{rel}","templated":true}]}}