{"id":513321,"date":"2021-10-26T12:41:44","date_gmt":"2021-10-26T10:41:44","guid":{"rendered":"https:\/\/tilefly.com\/?post_type=product&#038;p=513321"},"modified":"2026-02-12T04:00:45","modified_gmt":"2026-02-12T03:00:45","slug":"erawan-white-mt-60x60-rect-inout","status":"publish","type":"product","link":"https:\/\/tilefly.com\/es\/producto\/erawan-white-mt-60x60-rect-inout\/","title":{"rendered":"ERAWAN WHITE MT 60X60 RECT. INOUT"},"content":{"rendered":"<h1><strong>Azulejo Porcel\u00e1nico ERAWAN WHITE MT 60X60 RECT. INOUT<\/strong><\/h1><p>Este azulejo Porcel\u00e1nico en formato  cm, acabado Mate y color Blanco es perfecto para tu hogar. Su material de fabricaci\u00f3n es Porcel\u00e1nico.<\/p><p>Caracter\u00edsticas especiales: Antideslizante, Imitaci\u00f3n cemento, Masa coloreada<\/p>","protected":false},"excerpt":{"rendered":"<p>Azulejo Porcel\u00e1nico ERAWAN WHITE MT 60X60 RECT. INOUTEste azulejo Porcel\u00e1nico en formato cm, acabado Mate y color Blanco es perfecto para tu hogar. Su material de fabricaci\u00f3n es Porcel\u00e1nico.Caracter\u00edsticas especiales: Antideslizante, Imitaci\u00f3n cemento, Masa coloreada<\/p>\n","protected":false},"featured_media":513327,"comment_status":"closed","ping_status":"closed","template":"","meta":[],"product_brand":[],"product_cat":[303,305,306,304,307],"product_tag":[],"class_list":{"0":"post-513321","1":"product","2":"type-product","3":"status-publish","4":"has-post-thumbnail","6":"product_cat-baldosas","7":"product_cat-banos","8":"product_cat-cocina","9":"product_cat-revestimiento","10":"product_cat-salon","12":"first","13":"instock","14":"shipping-taxable","15":"purchasable","16":"product-type-simple"},"_links":{"self":[{"href":"https:\/\/tilefly.com\/es\/wp-json\/wp\/v2\/product\/513321","targetHints":{"allow":["GET"]}}],"collection":[{"href":"https:\/\/tilefly.com\/es\/wp-json\/wp\/v2\/product"}],"about":[{"href":"https:\/\/tilefly.com\/es\/wp-json\/wp\/v2\/types\/product"}],"replies":[{"embeddable":true,"href":"https:\/\/tilefly.com\/es\/wp-json\/wp\/v2\/comments?post=513321"}],"wp:featuredmedia":[{"embeddable":true,"href":"https:\/\/tilefly.com\/es\/wp-json\/wp\/v2\/media\/513327"}],"wp:attachment":[{"href":"https:\/\/tilefly.com\/es\/wp-json\/wp\/v2\/media?parent=513321"}],"wp:term":[{"taxonomy":"product_brand","embeddable":true,"href":"https:\/\/tilefly.com\/es\/wp-json\/wp\/v2\/product_brand?post=513321"},{"taxonomy":"product_cat","embeddable":true,"href":"https:\/\/tilefly.com\/es\/wp-json\/wp\/v2\/product_cat?post=513321"},{"taxonomy":"product_tag","embeddable":true,"href":"https:\/\/tilefly.com\/es\/wp-json\/wp\/v2\/product_tag?post=513321"}],"curies":[{"name":"wp","href":"https:\/\/api.w.org\/{rel}","templated":true}]}}