{"id":512877,"date":"2022-02-25T12:19:53","date_gmt":"2022-02-25T11:19:53","guid":{"rendered":"https:\/\/tilefly.com\/?post_type=product&#038;p=512877"},"modified":"2024-11-05T09:09:26","modified_gmt":"2024-11-05T08:09:26","slug":"caramel-bronze-pulido-60x120","status":"publish","type":"product","link":"https:\/\/tilefly.com\/es\/producto\/caramel-bronze-pulido-60x120\/","title":{"rendered":"CARAMEL BRONZE PULIDO 60X120"},"content":{"rendered":"<p>Porcel\u00e1nico esmaltado<\/p><p>Luxe es resistencia y riqueza crom\u00e1tica, una colecci\u00f3n que encapsula m\u00e1rmoles extravagantes con acabados naturales y pulidos, que dotan de remarcada personalidad tu espacio.<\/p><p>Un elegante y protagonista acabado que sin duda nunca pasa de moda.<\/p>","protected":false},"excerpt":{"rendered":"<p>Porcel\u00e1nico esmaltadoLuxe es resistencia y riqueza crom\u00e1tica, una colecci\u00f3n que encapsula m\u00e1rmoles extravagantes con acabados naturales y pulidos, que dotan de remarcada personalidad tu espacio.Un elegante y protagonista acabado que sin duda nunca pasa de moda.<\/p>\n","protected":false},"featured_media":512878,"comment_status":"closed","ping_status":"closed","template":"","meta":[],"product_brand":[],"product_cat":[303,305,306,304,307],"product_tag":[],"class_list":{"0":"post-512877","1":"product","2":"type-product","3":"status-publish","4":"has-post-thumbnail","6":"product_cat-baldosas","7":"product_cat-banos","8":"product_cat-cocina","9":"product_cat-revestimiento","10":"product_cat-salon","12":"first","13":"outofstock","14":"shipping-taxable","15":"purchasable","16":"product-type-simple"},"_links":{"self":[{"href":"https:\/\/tilefly.com\/es\/wp-json\/wp\/v2\/product\/512877","targetHints":{"allow":["GET"]}}],"collection":[{"href":"https:\/\/tilefly.com\/es\/wp-json\/wp\/v2\/product"}],"about":[{"href":"https:\/\/tilefly.com\/es\/wp-json\/wp\/v2\/types\/product"}],"replies":[{"embeddable":true,"href":"https:\/\/tilefly.com\/es\/wp-json\/wp\/v2\/comments?post=512877"}],"wp:featuredmedia":[{"embeddable":true,"href":"https:\/\/tilefly.com\/es\/wp-json\/wp\/v2\/media\/512878"}],"wp:attachment":[{"href":"https:\/\/tilefly.com\/es\/wp-json\/wp\/v2\/media?parent=512877"}],"wp:term":[{"taxonomy":"product_brand","embeddable":true,"href":"https:\/\/tilefly.com\/es\/wp-json\/wp\/v2\/product_brand?post=512877"},{"taxonomy":"product_cat","embeddable":true,"href":"https:\/\/tilefly.com\/es\/wp-json\/wp\/v2\/product_cat?post=512877"},{"taxonomy":"product_tag","embeddable":true,"href":"https:\/\/tilefly.com\/es\/wp-json\/wp\/v2\/product_tag?post=512877"}],"curies":[{"name":"wp","href":"https:\/\/api.w.org\/{rel}","templated":true}]}}