{"id":456934,"date":"2021-06-22T14:03:29","date_gmt":"2021-06-22T12:03:29","guid":{"rendered":"https:\/\/tilefly.com\/producto\/azulejos-metro-tennessee-white-2\/"},"modified":"2025-10-29T09:11:48","modified_gmt":"2025-10-29T08:11:48","slug":"azulejos-metro-tennessee-white-2","status":"publish","type":"product","link":"https:\/\/tilefly.com\/es\/producto\/azulejos-metro-tennessee-white-2\/","title":{"rendered":"TENNESSEE WHITE 13,8X13,8"},"content":{"rendered":"<p>Tennessee es el lugar de encuentro de la cer\u00e1mica artesanal con las \u00faltimas tecnolog\u00edas de fabricaci\u00f3n cer\u00e1mica. La idea de esta colecci\u00f3n es mantener la delicadeza artesana en una pieza \u00fanica por su formato novedoso (5,2&#215;16,1 y 13,8&#215;13,8) y su amplia gama crom\u00e1tica.<\/p>","protected":false},"excerpt":{"rendered":"<p>Tennessee es el lugar de encuentro de la cer\u00e1mica artesanal con las \u00faltimas tecnolog\u00edas de fabricaci\u00f3n cer\u00e1mica. La idea de esta colecci\u00f3n es mantener la delicadeza artesana en una pieza \u00fanica por su formato novedoso (5,2&#215;16,1 y 13,8&#215;13,8) y su amplia gama crom\u00e1tica.<\/p>\n","protected":false},"featured_media":456935,"comment_status":"open","ping_status":"closed","template":"","meta":[],"product_brand":[],"product_cat":[305,306,304],"product_tag":[],"class_list":{"0":"post-456934","1":"product","2":"type-product","3":"status-publish","4":"has-post-thumbnail","6":"product_cat-banos","7":"product_cat-cocina","8":"product_cat-revestimiento","10":"first","11":"instock","12":"shipping-taxable","13":"purchasable","14":"product-type-simple"},"_links":{"self":[{"href":"https:\/\/tilefly.com\/es\/wp-json\/wp\/v2\/product\/456934","targetHints":{"allow":["GET"]}}],"collection":[{"href":"https:\/\/tilefly.com\/es\/wp-json\/wp\/v2\/product"}],"about":[{"href":"https:\/\/tilefly.com\/es\/wp-json\/wp\/v2\/types\/product"}],"replies":[{"embeddable":true,"href":"https:\/\/tilefly.com\/es\/wp-json\/wp\/v2\/comments?post=456934"}],"wp:featuredmedia":[{"embeddable":true,"href":"https:\/\/tilefly.com\/es\/wp-json\/wp\/v2\/media\/456935"}],"wp:attachment":[{"href":"https:\/\/tilefly.com\/es\/wp-json\/wp\/v2\/media?parent=456934"}],"wp:term":[{"taxonomy":"product_brand","embeddable":true,"href":"https:\/\/tilefly.com\/es\/wp-json\/wp\/v2\/product_brand?post=456934"},{"taxonomy":"product_cat","embeddable":true,"href":"https:\/\/tilefly.com\/es\/wp-json\/wp\/v2\/product_cat?post=456934"},{"taxonomy":"product_tag","embeddable":true,"href":"https:\/\/tilefly.com\/es\/wp-json\/wp\/v2\/product_tag?post=456934"}],"curies":[{"name":"wp","href":"https:\/\/api.w.org\/{rel}","templated":true}]}}