{"id":303214,"date":"2021-04-12T12:52:16","date_gmt":"2021-04-12T10:52:16","guid":{"rendered":"https:\/\/tilefly.com\/?post_type=product&#038;p=303214"},"modified":"2025-10-17T04:00:49","modified_gmt":"2025-10-17T02:00:49","slug":"duomo-blanco-mt-333x90-rect","status":"publish","type":"product","link":"https:\/\/tilefly.com\/es\/producto\/duomo-blanco-mt-333x90-rect\/","title":{"rendered":"DUOMO BLANCO MT 33,3X90 RECT."},"content":{"rendered":"<h1><strong>Azulejo Pasta Blanca DUOMO BLANCO MT 33,3X90 RECT.<\/strong><\/h1><p>Este azulejo Pasta Blanca en formato  cm, acabado Mate, Natural y color Blanco es perfecto para tu hogar. Su material de fabricaci\u00f3n es Pasta Blanca.<\/p><p>Caracter\u00edsticas especiales: Imitaci\u00f3n m\u00e1rmol<\/p>","protected":false},"excerpt":{"rendered":"<p>Azulejo Pasta Blanca DUOMO BLANCO MT 33,3X90 RECT.Este azulejo Pasta Blanca en formato cm, acabado Mate, Natural y color Blanco es perfecto para tu hogar. Su material de fabricaci\u00f3n es Pasta Blanca.Caracter\u00edsticas especiales: Imitaci\u00f3n m\u00e1rmol<\/p>\n","protected":false},"featured_media":303223,"comment_status":"closed","ping_status":"closed","template":"","meta":[],"product_brand":[],"product_cat":[847,848,827,866],"product_tag":[],"class_list":{"0":"post-303214","1":"product","2":"type-product","3":"status-publish","4":"has-post-thumbnail","6":"product_cat-bagni","7":"product_cat-cucine","8":"product_cat-rivestimento","9":"product_cat-salotto","11":"first","12":"instock","13":"shipping-taxable","14":"purchasable","15":"product-type-simple"},"_links":{"self":[{"href":"https:\/\/tilefly.com\/es\/wp-json\/wp\/v2\/product\/303214","targetHints":{"allow":["GET"]}}],"collection":[{"href":"https:\/\/tilefly.com\/es\/wp-json\/wp\/v2\/product"}],"about":[{"href":"https:\/\/tilefly.com\/es\/wp-json\/wp\/v2\/types\/product"}],"replies":[{"embeddable":true,"href":"https:\/\/tilefly.com\/es\/wp-json\/wp\/v2\/comments?post=303214"}],"wp:featuredmedia":[{"embeddable":true,"href":"https:\/\/tilefly.com\/es\/wp-json\/wp\/v2\/media\/303223"}],"wp:attachment":[{"href":"https:\/\/tilefly.com\/es\/wp-json\/wp\/v2\/media?parent=303214"}],"wp:term":[{"taxonomy":"product_brand","embeddable":true,"href":"https:\/\/tilefly.com\/es\/wp-json\/wp\/v2\/product_brand?post=303214"},{"taxonomy":"product_cat","embeddable":true,"href":"https:\/\/tilefly.com\/es\/wp-json\/wp\/v2\/product_cat?post=303214"},{"taxonomy":"product_tag","embeddable":true,"href":"https:\/\/tilefly.com\/es\/wp-json\/wp\/v2\/product_tag?post=303214"}],"curies":[{"name":"wp","href":"https:\/\/api.w.org\/{rel}","templated":true}]}}