{"id":140711,"date":"2020-10-20T16:13:25","date_gmt":"2020-10-20T14:13:25","guid":{"rendered":"https:\/\/tilefly.com\/?post_type=product&#038;p=140711"},"modified":"2024-04-14T22:48:16","modified_gmt":"2024-04-14T20:48:16","slug":"alaska-mate-rect-30x60","status":"publish","type":"product","link":"https:\/\/tilefly.com\/es\/producto\/alaska-mate-rect-30x60\/","title":{"rendered":"ALASKA MATE RECT 30X60"},"content":{"rendered":"<h1><strong>Azulejo Porcel\u00e1nico ALASKA MATE RECT 30X60<\/strong><\/h1><p>Este azulejo Porcel\u00e1nico en formato  cm, acabado Mate y color Blanco es perfecto para tu hogar. Su material de fabricaci\u00f3n es Porcel\u00e1nico.<\/p><p>Caracter\u00edsticas especiales: Monocolor<\/p>","protected":false},"excerpt":{"rendered":"<p>Azulejo Porcel\u00e1nico ALASKA MATE RECT 30X60Este azulejo Porcel\u00e1nico en formato cm, acabado Mate y color Blanco es perfecto para tu hogar. Su material de fabricaci\u00f3n es Porcel\u00e1nico.Caracter\u00edsticas especiales: Monocolor<\/p>\n","protected":false},"featured_media":140732,"comment_status":"closed","ping_status":"closed","template":"","meta":[],"product_brand":[],"product_cat":[304,303,305,306,307],"product_tag":[],"class_list":{"0":"post-140711","1":"product","2":"type-product","3":"status-publish","4":"has-post-thumbnail","6":"product_cat-revestimiento","7":"product_cat-baldosas","8":"product_cat-banos","9":"product_cat-cocina","10":"product_cat-salon","12":"first","13":"outofstock","14":"shipping-taxable","15":"purchasable","16":"product-type-simple"},"_links":{"self":[{"href":"https:\/\/tilefly.com\/es\/wp-json\/wp\/v2\/product\/140711","targetHints":{"allow":["GET"]}}],"collection":[{"href":"https:\/\/tilefly.com\/es\/wp-json\/wp\/v2\/product"}],"about":[{"href":"https:\/\/tilefly.com\/es\/wp-json\/wp\/v2\/types\/product"}],"replies":[{"embeddable":true,"href":"https:\/\/tilefly.com\/es\/wp-json\/wp\/v2\/comments?post=140711"}],"wp:featuredmedia":[{"embeddable":true,"href":"https:\/\/tilefly.com\/es\/wp-json\/wp\/v2\/media\/140732"}],"wp:attachment":[{"href":"https:\/\/tilefly.com\/es\/wp-json\/wp\/v2\/media?parent=140711"}],"wp:term":[{"taxonomy":"product_brand","embeddable":true,"href":"https:\/\/tilefly.com\/es\/wp-json\/wp\/v2\/product_brand?post=140711"},{"taxonomy":"product_cat","embeddable":true,"href":"https:\/\/tilefly.com\/es\/wp-json\/wp\/v2\/product_cat?post=140711"},{"taxonomy":"product_tag","embeddable":true,"href":"https:\/\/tilefly.com\/es\/wp-json\/wp\/v2\/product_tag?post=140711"}],"curies":[{"name":"wp","href":"https:\/\/api.w.org\/{rel}","templated":true}]}}