{"id":135866,"date":"2020-10-19T07:47:28","date_gmt":"2020-10-19T05:47:28","guid":{"rendered":"https:\/\/tilefly.com\/producto\/pavimento-porcelanico-yin-20x20\/"},"modified":"2025-05-13T16:30:38","modified_gmt":"2025-05-13T14:30:38","slug":"pavimento-porcelanico-yin-20x20","status":"publish","type":"product","link":"https:\/\/tilefly.com\/es\/producto\/pavimento-porcelanico-yin-20x20\/","title":{"rendered":"YIN 20X20"},"content":{"rendered":"<p>Las gr\u00e1ficas geom\u00e9tricas son una tendencia que perdura en el tiempo. Esta decoraci\u00f3n porcel\u00e1nica juega es una cuadr\u00edcula muy original que se puede colocar a escuadra o a cartab\u00f3n. Es el complemento ideal para los azulejos White y Black y tambi\u00e9n como pavimento de las estancias donde se utiliza azulejo de formato peque\u00f1o, tipo metro. Gracias a sus altas prestaciones t\u00e9cnicas es una opci\u00f3n muy f\u00e1cil de limpiar y muy resistente. Gracias a su clase 2 de deslizamiento, no solo es apto para interiores si no que tambi\u00e9n se puede colocar en patios, balcones, y locales p\u00fablicos.<\/p>","protected":false},"excerpt":{"rendered":"<p>Las gr\u00e1ficas geom\u00e9tricas son una tendencia que perdura en el tiempo. Esta decoraci\u00f3n porcel\u00e1nica juega es una cuadr\u00edcula muy original que se puede colocar a escuadra o a cartab\u00f3n. Es el complemento ideal para los azulejos White y Black y tambi\u00e9n como pavimento de las estancias donde se utiliza azulejo de formato peque\u00f1o, tipo metro. [&hellip;]<\/p>\n","protected":false},"featured_media":135868,"comment_status":"open","ping_status":"closed","template":"","meta":[],"product_brand":[],"product_cat":[846,866],"product_tag":[],"class_list":{"0":"post-135866","1":"product","2":"type-product","3":"status-publish","4":"has-post-thumbnail","6":"product_cat-piastrelle","7":"product_cat-salotto","9":"first","10":"outofstock","11":"shipping-taxable","12":"purchasable","13":"product-type-simple"},"_links":{"self":[{"href":"https:\/\/tilefly.com\/es\/wp-json\/wp\/v2\/product\/135866","targetHints":{"allow":["GET"]}}],"collection":[{"href":"https:\/\/tilefly.com\/es\/wp-json\/wp\/v2\/product"}],"about":[{"href":"https:\/\/tilefly.com\/es\/wp-json\/wp\/v2\/types\/product"}],"replies":[{"embeddable":true,"href":"https:\/\/tilefly.com\/es\/wp-json\/wp\/v2\/comments?post=135866"}],"wp:featuredmedia":[{"embeddable":true,"href":"https:\/\/tilefly.com\/es\/wp-json\/wp\/v2\/media\/135868"}],"wp:attachment":[{"href":"https:\/\/tilefly.com\/es\/wp-json\/wp\/v2\/media?parent=135866"}],"wp:term":[{"taxonomy":"product_brand","embeddable":true,"href":"https:\/\/tilefly.com\/es\/wp-json\/wp\/v2\/product_brand?post=135866"},{"taxonomy":"product_cat","embeddable":true,"href":"https:\/\/tilefly.com\/es\/wp-json\/wp\/v2\/product_cat?post=135866"},{"taxonomy":"product_tag","embeddable":true,"href":"https:\/\/tilefly.com\/es\/wp-json\/wp\/v2\/product_tag?post=135866"}],"curies":[{"name":"wp","href":"https:\/\/api.w.org\/{rel}","templated":true}]}}