{"id":135842,"date":"2020-10-19T07:47:28","date_gmt":"2020-10-19T05:47:28","guid":{"rendered":"https:\/\/tilefly.com\/producto\/mosaico-cristal-wonder-dk-313x313\/"},"modified":"2024-05-06T00:01:02","modified_gmt":"2024-05-05T22:01:02","slug":"mosaico-cristal-wonder-dk-313x313","status":"publish","type":"product","link":"https:\/\/tilefly.com\/es\/producto\/mosaico-cristal-wonder-dk-313x313\/","title":{"rendered":"WONDER-DK 31,3X31,3"},"content":{"rendered":"<p>Sencillo y sofisticado, este mosaico monocolor est\u00e1 realizado con peque\u00f1as teselas cuadradas, realizadas con vidrio reciclado. Su belleza radica en el contraste que se crea entre sus peque\u00f1os taquitos negros cuyo acabado brillo y mate juegan con la luz y llenan de dinamismo cualquier superficie.<\/p>","protected":false},"excerpt":{"rendered":"<p>Sencillo y sofisticado, este mosaico monocolor est\u00e1 realizado con peque\u00f1as teselas cuadradas, realizadas con vidrio reciclado. Su belleza radica en el contraste que se crea entre sus peque\u00f1os taquitos negros cuyo acabado brillo y mate juegan con la luz y llenan de dinamismo cualquier superficie.<\/p>\n","protected":false},"featured_media":135844,"comment_status":"open","ping_status":"closed","template":"","meta":[],"product_brand":[],"product_cat":[354,355,356],"product_tag":[],"class_list":{"0":"post-135842","1":"product","2":"type-product","3":"status-publish","4":"has-post-thumbnail","6":"product_cat-carrelage-salle-de-bain","7":"product_cat-cuisines","8":"product_cat-faiences","10":"first","11":"instock","12":"shipping-taxable","13":"purchasable","14":"product-type-simple"},"_links":{"self":[{"href":"https:\/\/tilefly.com\/es\/wp-json\/wp\/v2\/product\/135842","targetHints":{"allow":["GET"]}}],"collection":[{"href":"https:\/\/tilefly.com\/es\/wp-json\/wp\/v2\/product"}],"about":[{"href":"https:\/\/tilefly.com\/es\/wp-json\/wp\/v2\/types\/product"}],"replies":[{"embeddable":true,"href":"https:\/\/tilefly.com\/es\/wp-json\/wp\/v2\/comments?post=135842"}],"wp:featuredmedia":[{"embeddable":true,"href":"https:\/\/tilefly.com\/es\/wp-json\/wp\/v2\/media\/135844"}],"wp:attachment":[{"href":"https:\/\/tilefly.com\/es\/wp-json\/wp\/v2\/media?parent=135842"}],"wp:term":[{"taxonomy":"product_brand","embeddable":true,"href":"https:\/\/tilefly.com\/es\/wp-json\/wp\/v2\/product_brand?post=135842"},{"taxonomy":"product_cat","embeddable":true,"href":"https:\/\/tilefly.com\/es\/wp-json\/wp\/v2\/product_cat?post=135842"},{"taxonomy":"product_tag","embeddable":true,"href":"https:\/\/tilefly.com\/es\/wp-json\/wp\/v2\/product_tag?post=135842"}],"curies":[{"name":"wp","href":"https:\/\/api.w.org\/{rel}","templated":true}]}}