{"id":135822,"date":"2020-10-19T07:47:28","date_gmt":"2020-10-19T05:47:28","guid":{"rendered":"https:\/\/tilefly.com\/producto\/revestimiento-cristal-venezia-30x60\/"},"modified":"2024-12-13T11:11:23","modified_gmt":"2024-12-13T10:11:23","slug":"revestimiento-cristal-venezia-30x60","status":"publish","type":"product","link":"https:\/\/tilefly.com\/es\/producto\/revestimiento-cristal-venezia-30x60\/","title":{"rendered":"VENEZIA 30X60"},"content":{"rendered":"<p>Elegante cristal con relieve r\u00fastico en tonos cobrizos. Los tonos que mejor le van para mezclarlo ser\u00edan los m\u00e1rmoles y blancos. Existe su lavabo de cristal a juego.<\/p>","protected":false},"excerpt":{"rendered":"<p>Elegante cristal con relieve r\u00fastico en tonos cobrizos. Los tonos que mejor le van para mezclarlo ser\u00edan los m\u00e1rmoles y blancos. Existe su lavabo de cristal a juego.<\/p>\n","protected":false},"featured_media":135824,"comment_status":"open","ping_status":"closed","template":"","meta":[],"product_brand":[],"product_cat":[305,306,304],"product_tag":[],"class_list":{"0":"post-135822","1":"product","2":"type-product","3":"status-publish","4":"has-post-thumbnail","6":"product_cat-banos","7":"product_cat-cocina","8":"product_cat-revestimiento","10":"first","11":"instock","12":"shipping-taxable","13":"purchasable","14":"product-type-simple"},"_links":{"self":[{"href":"https:\/\/tilefly.com\/es\/wp-json\/wp\/v2\/product\/135822","targetHints":{"allow":["GET"]}}],"collection":[{"href":"https:\/\/tilefly.com\/es\/wp-json\/wp\/v2\/product"}],"about":[{"href":"https:\/\/tilefly.com\/es\/wp-json\/wp\/v2\/types\/product"}],"replies":[{"embeddable":true,"href":"https:\/\/tilefly.com\/es\/wp-json\/wp\/v2\/comments?post=135822"}],"wp:featuredmedia":[{"embeddable":true,"href":"https:\/\/tilefly.com\/es\/wp-json\/wp\/v2\/media\/135824"}],"wp:attachment":[{"href":"https:\/\/tilefly.com\/es\/wp-json\/wp\/v2\/media?parent=135822"}],"wp:term":[{"taxonomy":"product_brand","embeddable":true,"href":"https:\/\/tilefly.com\/es\/wp-json\/wp\/v2\/product_brand?post=135822"},{"taxonomy":"product_cat","embeddable":true,"href":"https:\/\/tilefly.com\/es\/wp-json\/wp\/v2\/product_cat?post=135822"},{"taxonomy":"product_tag","embeddable":true,"href":"https:\/\/tilefly.com\/es\/wp-json\/wp\/v2\/product_tag?post=135822"}],"curies":[{"name":"wp","href":"https:\/\/api.w.org\/{rel}","templated":true}]}}