{"id":135786,"date":"2020-10-19T07:47:28","date_gmt":"2020-10-19T05:47:28","guid":{"rendered":"https:\/\/tilefly.com\/producto\/revestimiento-porcelanico-transverse-4-copper-147x147\/"},"modified":"2025-05-28T00:45:39","modified_gmt":"2025-05-27T22:45:39","slug":"revestimiento-porcelanico-transverse-4-copper-147x147","status":"publish","type":"product","link":"https:\/\/tilefly.com\/es\/producto\/revestimiento-porcelanico-transverse-4-copper-147x147\/","title":{"rendered":"TRANSVERSE 4 COPPER 14,7&#215;14,7"},"content":{"rendered":"<p>Porcel\u00e1nico de 14,7&#215;14,7 donde la aplicaci\u00f3n de pvd cobre sobre el relieve de l\u00edneas gruesas aporta un toque de elegante que impacta al combinarlo con el Transverse 4 Graphite.<\/p>","protected":false},"excerpt":{"rendered":"<p>Porcel\u00e1nico de 14,7&#215;14,7 donde la aplicaci\u00f3n de pvd cobre sobre el relieve de l\u00edneas gruesas aporta un toque de elegante que impacta al combinarlo con el Transverse 4 Graphite.<\/p>\n","protected":false},"featured_media":135788,"comment_status":"open","ping_status":"closed","template":"","meta":[],"product_brand":[],"product_cat":[354,355,356],"product_tag":[],"class_list":{"0":"post-135786","1":"product","2":"type-product","3":"status-publish","4":"has-post-thumbnail","6":"product_cat-carrelage-salle-de-bain","7":"product_cat-cuisines","8":"product_cat-faiences","10":"first","11":"outofstock","12":"shipping-taxable","13":"purchasable","14":"product-type-simple"},"_links":{"self":[{"href":"https:\/\/tilefly.com\/es\/wp-json\/wp\/v2\/product\/135786","targetHints":{"allow":["GET"]}}],"collection":[{"href":"https:\/\/tilefly.com\/es\/wp-json\/wp\/v2\/product"}],"about":[{"href":"https:\/\/tilefly.com\/es\/wp-json\/wp\/v2\/types\/product"}],"replies":[{"embeddable":true,"href":"https:\/\/tilefly.com\/es\/wp-json\/wp\/v2\/comments?post=135786"}],"wp:featuredmedia":[{"embeddable":true,"href":"https:\/\/tilefly.com\/es\/wp-json\/wp\/v2\/media\/135788"}],"wp:attachment":[{"href":"https:\/\/tilefly.com\/es\/wp-json\/wp\/v2\/media?parent=135786"}],"wp:term":[{"taxonomy":"product_brand","embeddable":true,"href":"https:\/\/tilefly.com\/es\/wp-json\/wp\/v2\/product_brand?post=135786"},{"taxonomy":"product_cat","embeddable":true,"href":"https:\/\/tilefly.com\/es\/wp-json\/wp\/v2\/product_cat?post=135786"},{"taxonomy":"product_tag","embeddable":true,"href":"https:\/\/tilefly.com\/es\/wp-json\/wp\/v2\/product_tag?post=135786"}],"curies":[{"name":"wp","href":"https:\/\/api.w.org\/{rel}","templated":true}]}}