{"id":135678,"date":"2020-10-19T07:47:28","date_gmt":"2020-10-19T05:47:28","guid":{"rendered":"https:\/\/tilefly.com\/producto\/revestimiento-ceramica-tarantela-yeso-15x15\/"},"modified":"2025-06-16T10:02:03","modified_gmt":"2025-06-16T08:02:03","slug":"revestimiento-ceramica-tarantela-yeso-15x15","status":"publish","type":"product","link":"https:\/\/tilefly.com\/es\/producto\/revestimiento-ceramica-tarantela-yeso-15x15\/","title":{"rendered":"TARANTELA YESO 15X15"},"content":{"rendered":"<p>Azulejo blanco con aspecto de yeso de 15\u00d715 cm y acabado ultra mate.<br \/>En contraste con las dem\u00e1s piezas de la serie TARANTELA, nos encontramos con el modelo YESO, destacado por su textura en acabado MATE. Se puede usar en grandes \u00e1reas o combin\u00e1ndose con azulejos con relieve como nuestro modelo LUCCIOLA YESO para aportar mayor dinamismo y detalle a la estancia.<\/p><p>El azulejo en peque\u00f1o formato es una opci\u00f3n ideal para aportar un toque acogedor y c\u00e1lido a cualquier estancia. <\/p>","protected":false},"excerpt":{"rendered":"<p>Azulejo blanco con aspecto de yeso de 15\u00d715 cm y acabado ultra mate.En contraste con las dem\u00e1s piezas de la serie TARANTELA, nos encontramos con el modelo YESO, destacado por su textura en acabado MATE. Se puede usar en grandes \u00e1reas o combin\u00e1ndose con azulejos con relieve como nuestro modelo LUCCIOLA YESO para aportar mayor [&hellip;]<\/p>\n","protected":false},"featured_media":135680,"comment_status":"open","ping_status":"closed","template":"","meta":[],"product_brand":[],"product_cat":[354,355,356],"product_tag":[],"class_list":{"0":"post-135678","1":"product","2":"type-product","3":"status-publish","4":"has-post-thumbnail","6":"product_cat-carrelage-salle-de-bain","7":"product_cat-cuisines","8":"product_cat-faiences","10":"first","11":"outofstock","12":"shipping-taxable","13":"purchasable","14":"product-type-simple"},"_links":{"self":[{"href":"https:\/\/tilefly.com\/es\/wp-json\/wp\/v2\/product\/135678","targetHints":{"allow":["GET"]}}],"collection":[{"href":"https:\/\/tilefly.com\/es\/wp-json\/wp\/v2\/product"}],"about":[{"href":"https:\/\/tilefly.com\/es\/wp-json\/wp\/v2\/types\/product"}],"replies":[{"embeddable":true,"href":"https:\/\/tilefly.com\/es\/wp-json\/wp\/v2\/comments?post=135678"}],"wp:featuredmedia":[{"embeddable":true,"href":"https:\/\/tilefly.com\/es\/wp-json\/wp\/v2\/media\/135680"}],"wp:attachment":[{"href":"https:\/\/tilefly.com\/es\/wp-json\/wp\/v2\/media?parent=135678"}],"wp:term":[{"taxonomy":"product_brand","embeddable":true,"href":"https:\/\/tilefly.com\/es\/wp-json\/wp\/v2\/product_brand?post=135678"},{"taxonomy":"product_cat","embeddable":true,"href":"https:\/\/tilefly.com\/es\/wp-json\/wp\/v2\/product_cat?post=135678"},{"taxonomy":"product_tag","embeddable":true,"href":"https:\/\/tilefly.com\/es\/wp-json\/wp\/v2\/product_tag?post=135678"}],"curies":[{"name":"wp","href":"https:\/\/api.w.org\/{rel}","templated":true}]}}