{"id":135674,"date":"2020-10-19T07:47:28","date_gmt":"2020-10-19T05:47:28","guid":{"rendered":"https:\/\/tilefly.com\/producto\/revestimiento-ceramica-tarantela-vainilla-15x15\/"},"modified":"2025-05-28T00:45:31","modified_gmt":"2025-05-27T22:45:31","slug":"revestimiento-ceramica-tarantela-vainilla-15x15","status":"publish","type":"product","link":"https:\/\/tilefly.com\/es\/producto\/revestimiento-ceramica-tarantela-vainilla-15x15\/","title":{"rendered":"TARANTELA VAINILLA 15X15"},"content":{"rendered":"<p>Baldosa beige de peque\u00f1o formato y acabado brillo que nos acerca la luz del Mediterr\u00e1neo.<br \/>Serie de cuatro colores frescos y brillantes que combinan entre s\u00ed. Los delicados HUESO y VAINILLA aportan claridad y el MENTA o el AZUL nos traen la frescura de la naturaleza<\/p><p>El azulejo en peque\u00f1o formato es una opci\u00f3n ideal para aportar un toque acogedor y c\u00e1lido a cualquier estancia. <\/p><p>\u00a1Atr\u00e9vete a combinar los distintos colores y a jugar con su forma!<\/p><p>pared<br \/>interior<br \/>f\u00e1cil limpieza<\/p>","protected":false},"excerpt":{"rendered":"<p>Baldosa beige de peque\u00f1o formato y acabado brillo que nos acerca la luz del Mediterr\u00e1neo.Serie de cuatro colores frescos y brillantes que combinan entre s\u00ed. Los delicados HUESO y VAINILLA aportan claridad y el MENTA o el AZUL nos traen la frescura de la naturalezaEl azulejo en peque\u00f1o formato es una opci\u00f3n ideal para aportar [&hellip;]<\/p>\n","protected":false},"featured_media":135676,"comment_status":"open","ping_status":"closed","template":"","meta":[],"product_brand":[],"product_cat":[354,355,356],"product_tag":[],"class_list":{"0":"post-135674","1":"product","2":"type-product","3":"status-publish","4":"has-post-thumbnail","6":"product_cat-carrelage-salle-de-bain","7":"product_cat-cuisines","8":"product_cat-faiences","10":"first","11":"outofstock","12":"shipping-taxable","13":"purchasable","14":"product-type-simple"},"_links":{"self":[{"href":"https:\/\/tilefly.com\/es\/wp-json\/wp\/v2\/product\/135674","targetHints":{"allow":["GET"]}}],"collection":[{"href":"https:\/\/tilefly.com\/es\/wp-json\/wp\/v2\/product"}],"about":[{"href":"https:\/\/tilefly.com\/es\/wp-json\/wp\/v2\/types\/product"}],"replies":[{"embeddable":true,"href":"https:\/\/tilefly.com\/es\/wp-json\/wp\/v2\/comments?post=135674"}],"wp:featuredmedia":[{"embeddable":true,"href":"https:\/\/tilefly.com\/es\/wp-json\/wp\/v2\/media\/135676"}],"wp:attachment":[{"href":"https:\/\/tilefly.com\/es\/wp-json\/wp\/v2\/media?parent=135674"}],"wp:term":[{"taxonomy":"product_brand","embeddable":true,"href":"https:\/\/tilefly.com\/es\/wp-json\/wp\/v2\/product_brand?post=135674"},{"taxonomy":"product_cat","embeddable":true,"href":"https:\/\/tilefly.com\/es\/wp-json\/wp\/v2\/product_cat?post=135674"},{"taxonomy":"product_tag","embeddable":true,"href":"https:\/\/tilefly.com\/es\/wp-json\/wp\/v2\/product_tag?post=135674"}],"curies":[{"name":"wp","href":"https:\/\/api.w.org\/{rel}","templated":true}]}}