{"id":135630,"date":"2020-10-19T07:47:28","date_gmt":"2020-10-19T05:47:28","guid":{"rendered":"https:\/\/tilefly.com\/producto\/mosaico-sublime-blue-298x298\/"},"modified":"2024-05-06T00:00:50","modified_gmt":"2024-05-05T22:00:50","slug":"mosaico-sublime-blue-298x298","status":"publish","type":"product","link":"https:\/\/tilefly.com\/es\/producto\/mosaico-sublime-blue-298x298\/","title":{"rendered":"SUBLIME BLUE 29,8X29,8"},"content":{"rendered":"<p>Mosaico de gran belleza y originalidad: la piedra natural y el cristal se funden y se decoran manualmente con una t\u00e9cnica que evoca los trazos de la pintura art\u00edstica. En tonos azulados, cada pieza es \u00fanica. SUBLIME es la combinaci\u00f3n perfecta para dar un toque de personalidad a una gran variedad de azulejos.<\/p>","protected":false},"excerpt":{"rendered":"<p>Mosaico de gran belleza y originalidad: la piedra natural y el cristal se funden y se decoran manualmente con una t\u00e9cnica que evoca los trazos de la pintura art\u00edstica. En tonos azulados, cada pieza es \u00fanica. SUBLIME es la combinaci\u00f3n perfecta para dar un toque de personalidad a una gran variedad de azulejos.<\/p>\n","protected":false},"featured_media":135632,"comment_status":"open","ping_status":"closed","template":"","meta":[],"product_brand":[],"product_cat":[305,306,304],"product_tag":[],"class_list":{"0":"post-135630","1":"product","2":"type-product","3":"status-publish","4":"has-post-thumbnail","6":"product_cat-banos","7":"product_cat-cocina","8":"product_cat-revestimiento","10":"first","11":"instock","12":"shipping-taxable","13":"purchasable","14":"product-type-simple"},"_links":{"self":[{"href":"https:\/\/tilefly.com\/es\/wp-json\/wp\/v2\/product\/135630","targetHints":{"allow":["GET"]}}],"collection":[{"href":"https:\/\/tilefly.com\/es\/wp-json\/wp\/v2\/product"}],"about":[{"href":"https:\/\/tilefly.com\/es\/wp-json\/wp\/v2\/types\/product"}],"replies":[{"embeddable":true,"href":"https:\/\/tilefly.com\/es\/wp-json\/wp\/v2\/comments?post=135630"}],"wp:featuredmedia":[{"embeddable":true,"href":"https:\/\/tilefly.com\/es\/wp-json\/wp\/v2\/media\/135632"}],"wp:attachment":[{"href":"https:\/\/tilefly.com\/es\/wp-json\/wp\/v2\/media?parent=135630"}],"wp:term":[{"taxonomy":"product_brand","embeddable":true,"href":"https:\/\/tilefly.com\/es\/wp-json\/wp\/v2\/product_brand?post=135630"},{"taxonomy":"product_cat","embeddable":true,"href":"https:\/\/tilefly.com\/es\/wp-json\/wp\/v2\/product_cat?post=135630"},{"taxonomy":"product_tag","embeddable":true,"href":"https:\/\/tilefly.com\/es\/wp-json\/wp\/v2\/product_tag?post=135630"}],"curies":[{"name":"wp","href":"https:\/\/api.w.org\/{rel}","templated":true}]}}