{"id":135459,"date":"2020-10-19T07:47:28","date_gmt":"2020-10-19T05:47:28","guid":{"rendered":"https:\/\/tilefly.com\/producto\/mosaico-piedra-shambala-dk-310-x-309\/"},"modified":"2024-05-06T00:01:01","modified_gmt":"2024-05-05T22:01:01","slug":"mosaico-piedra-shambala-dk-310-x-309","status":"publish","type":"product","link":"https:\/\/tilefly.com\/es\/producto\/mosaico-piedra-shambala-dk-310-x-309\/","title":{"rendered":"SHAMBALA-DK 31,0 X 30,9"},"content":{"rendered":"<p>Este mosaico se realiza con la t\u00e9cnica del trencad\u00eds, mezclando m\u00e1rmol crema, emperador claro y emperador oscuro en acabado mate. Una decoraci\u00f3n armoniosa y atemporal para suelos y paredes de cualquier estancia. Su variedad crom\u00e1tica hace que sea muy f\u00e1cil de combinar con cualquier revestimiento o pavimento. Un cl\u00e1sico que nunca pasa de moda.<\/p>","protected":false},"excerpt":{"rendered":"<p>Este mosaico se realiza con la t\u00e9cnica del trencad\u00eds, mezclando m\u00e1rmol crema, emperador claro y emperador oscuro en acabado mate. Una decoraci\u00f3n armoniosa y atemporal para suelos y paredes de cualquier estancia. Su variedad crom\u00e1tica hace que sea muy f\u00e1cil de combinar con cualquier revestimiento o pavimento. Un cl\u00e1sico que nunca pasa de moda.<\/p>\n","protected":false},"featured_media":135461,"comment_status":"open","ping_status":"closed","template":"","meta":[],"product_brand":[],"product_cat":[305,306,304],"product_tag":[],"class_list":{"0":"post-135459","1":"product","2":"type-product","3":"status-publish","4":"has-post-thumbnail","6":"product_cat-banos","7":"product_cat-cocina","8":"product_cat-revestimiento","10":"first","11":"instock","12":"shipping-taxable","13":"purchasable","14":"product-type-simple"},"_links":{"self":[{"href":"https:\/\/tilefly.com\/es\/wp-json\/wp\/v2\/product\/135459","targetHints":{"allow":["GET"]}}],"collection":[{"href":"https:\/\/tilefly.com\/es\/wp-json\/wp\/v2\/product"}],"about":[{"href":"https:\/\/tilefly.com\/es\/wp-json\/wp\/v2\/types\/product"}],"replies":[{"embeddable":true,"href":"https:\/\/tilefly.com\/es\/wp-json\/wp\/v2\/comments?post=135459"}],"wp:featuredmedia":[{"embeddable":true,"href":"https:\/\/tilefly.com\/es\/wp-json\/wp\/v2\/media\/135461"}],"wp:attachment":[{"href":"https:\/\/tilefly.com\/es\/wp-json\/wp\/v2\/media?parent=135459"}],"wp:term":[{"taxonomy":"product_brand","embeddable":true,"href":"https:\/\/tilefly.com\/es\/wp-json\/wp\/v2\/product_brand?post=135459"},{"taxonomy":"product_cat","embeddable":true,"href":"https:\/\/tilefly.com\/es\/wp-json\/wp\/v2\/product_cat?post=135459"},{"taxonomy":"product_tag","embeddable":true,"href":"https:\/\/tilefly.com\/es\/wp-json\/wp\/v2\/product_tag?post=135459"}],"curies":[{"name":"wp","href":"https:\/\/api.w.org\/{rel}","templated":true}]}}