{"id":133420,"date":"2020-10-18T23:58:16","date_gmt":"2020-10-18T21:58:16","guid":{"rendered":"https:\/\/tilefly.com\/producto\/revestimiento-ceramica-purity-black-glossy-5x40\/"},"modified":"2024-12-13T11:11:31","modified_gmt":"2024-12-13T10:11:31","slug":"revestimiento-ceramica-purity-black-glossy-5x40","status":"publish","type":"product","link":"https:\/\/tilefly.com\/es\/producto\/revestimiento-ceramica-purity-black-glossy-5x40\/","title":{"rendered":"PURITY BLACK GLOSSY 5X40"},"content":{"rendered":"<p>La cer\u00e1mica en peque\u00f1o formato es una tendencia indiscutible en decoraci\u00f3n. PURITY es una propuesta muy actual,  disponible en dos formatos 5&#215;40 y 10&#215;40, para utilizarse solos o combinados. Realizada con borde recto y superficie ligeramente texturada, est\u00e1 disponible en 7 colores brillo.<\/p>","protected":false},"excerpt":{"rendered":"<p>La cer\u00e1mica en peque\u00f1o formato es una tendencia indiscutible en decoraci\u00f3n. PURITY es una propuesta muy actual, disponible en dos formatos 5&#215;40 y 10&#215;40, para utilizarse solos o combinados. Realizada con borde recto y superficie ligeramente texturada, est\u00e1 disponible en 7 colores brillo.<\/p>\n","protected":false},"featured_media":133422,"comment_status":"open","ping_status":"closed","template":"","meta":[],"product_brand":[],"product_cat":[354,355,356],"product_tag":[],"class_list":{"0":"post-133420","1":"product","2":"type-product","3":"status-publish","4":"has-post-thumbnail","6":"product_cat-carrelage-salle-de-bain","7":"product_cat-cuisines","8":"product_cat-faiences","10":"first","11":"instock","12":"shipping-taxable","13":"purchasable","14":"product-type-simple"},"_links":{"self":[{"href":"https:\/\/tilefly.com\/es\/wp-json\/wp\/v2\/product\/133420","targetHints":{"allow":["GET"]}}],"collection":[{"href":"https:\/\/tilefly.com\/es\/wp-json\/wp\/v2\/product"}],"about":[{"href":"https:\/\/tilefly.com\/es\/wp-json\/wp\/v2\/types\/product"}],"replies":[{"embeddable":true,"href":"https:\/\/tilefly.com\/es\/wp-json\/wp\/v2\/comments?post=133420"}],"wp:featuredmedia":[{"embeddable":true,"href":"https:\/\/tilefly.com\/es\/wp-json\/wp\/v2\/media\/133422"}],"wp:attachment":[{"href":"https:\/\/tilefly.com\/es\/wp-json\/wp\/v2\/media?parent=133420"}],"wp:term":[{"taxonomy":"product_brand","embeddable":true,"href":"https:\/\/tilefly.com\/es\/wp-json\/wp\/v2\/product_brand?post=133420"},{"taxonomy":"product_cat","embeddable":true,"href":"https:\/\/tilefly.com\/es\/wp-json\/wp\/v2\/product_cat?post=133420"},{"taxonomy":"product_tag","embeddable":true,"href":"https:\/\/tilefly.com\/es\/wp-json\/wp\/v2\/product_tag?post=133420"}],"curies":[{"name":"wp","href":"https:\/\/api.w.org\/{rel}","templated":true}]}}