{"id":133396,"date":"2020-10-18T23:58:16","date_gmt":"2020-10-18T21:58:16","guid":{"rendered":"https:\/\/tilefly.com\/producto\/mosaico-ceramica-popcorn-281x281\/"},"modified":"2025-05-28T00:45:13","modified_gmt":"2025-05-27T22:45:13","slug":"mosaico-ceramica-popcorn-281x281","status":"publish","type":"product","link":"https:\/\/tilefly.com\/es\/producto\/mosaico-ceramica-popcorn-281x281\/","title":{"rendered":"POPCORN 28,1X28,1"},"content":{"rendered":"<p>La magia del cine cl\u00e1sico en una pieza muy especial. basada en las im\u00e1genes de las pel\u00edculas de anta\u00f1o, con colores mucho m\u00e1s desgastados y una paleta m\u00e1s atenuada.<\/p>","protected":false},"excerpt":{"rendered":"<p>La magia del cine cl\u00e1sico en una pieza muy especial. basada en las im\u00e1genes de las pel\u00edculas de anta\u00f1o, con colores mucho m\u00e1s desgastados y una paleta m\u00e1s atenuada.<\/p>\n","protected":false},"featured_media":133398,"comment_status":"open","ping_status":"closed","template":"","meta":[],"product_brand":[],"product_cat":[305,306,304],"product_tag":[],"class_list":{"0":"post-133396","1":"product","2":"type-product","3":"status-publish","4":"has-post-thumbnail","6":"product_cat-banos","7":"product_cat-cocina","8":"product_cat-revestimiento","10":"first","11":"instock","12":"shipping-taxable","13":"purchasable","14":"product-type-simple"},"_links":{"self":[{"href":"https:\/\/tilefly.com\/es\/wp-json\/wp\/v2\/product\/133396","targetHints":{"allow":["GET"]}}],"collection":[{"href":"https:\/\/tilefly.com\/es\/wp-json\/wp\/v2\/product"}],"about":[{"href":"https:\/\/tilefly.com\/es\/wp-json\/wp\/v2\/types\/product"}],"replies":[{"embeddable":true,"href":"https:\/\/tilefly.com\/es\/wp-json\/wp\/v2\/comments?post=133396"}],"wp:featuredmedia":[{"embeddable":true,"href":"https:\/\/tilefly.com\/es\/wp-json\/wp\/v2\/media\/133398"}],"wp:attachment":[{"href":"https:\/\/tilefly.com\/es\/wp-json\/wp\/v2\/media?parent=133396"}],"wp:term":[{"taxonomy":"product_brand","embeddable":true,"href":"https:\/\/tilefly.com\/es\/wp-json\/wp\/v2\/product_brand?post=133396"},{"taxonomy":"product_cat","embeddable":true,"href":"https:\/\/tilefly.com\/es\/wp-json\/wp\/v2\/product_cat?post=133396"},{"taxonomy":"product_tag","embeddable":true,"href":"https:\/\/tilefly.com\/es\/wp-json\/wp\/v2\/product_tag?post=133396"}],"curies":[{"name":"wp","href":"https:\/\/api.w.org\/{rel}","templated":true}]}}