{"id":133372,"date":"2020-10-18T23:58:16","date_gmt":"2020-10-18T21:58:16","guid":{"rendered":"https:\/\/tilefly.com\/producto\/revestimiento-ceramica-perlanova-30x90\/"},"modified":"2024-05-06T00:00:48","modified_gmt":"2024-05-05T22:00:48","slug":"revestimiento-ceramica-perlanova-30x90","status":"publish","type":"product","link":"https:\/\/tilefly.com\/es\/producto\/revestimiento-ceramica-perlanova-30x90\/","title":{"rendered":"PERLANOVA 30X90"},"content":{"rendered":"<p>Elegante azulejo con dise\u00f1o de m\u00e1rmol brillo. La originalidad de su tonalidad gris perla y sus vetas cobrizas lo convierten en una opci\u00f3n elegante para ambientes cl\u00e1sicos con aire renovado.<\/p>","protected":false},"excerpt":{"rendered":"<p>Elegante azulejo con dise\u00f1o de m\u00e1rmol brillo. La originalidad de su tonalidad gris perla y sus vetas cobrizas lo convierten en una opci\u00f3n elegante para ambientes cl\u00e1sicos con aire renovado.<\/p>\n","protected":false},"featured_media":133374,"comment_status":"open","ping_status":"closed","template":"","meta":[],"product_brand":[],"product_cat":[305,306,304],"product_tag":[],"class_list":{"0":"post-133372","1":"product","2":"type-product","3":"status-publish","4":"has-post-thumbnail","6":"product_cat-banos","7":"product_cat-cocina","8":"product_cat-revestimiento","10":"first","11":"instock","12":"shipping-taxable","13":"purchasable","14":"product-type-simple"},"_links":{"self":[{"href":"https:\/\/tilefly.com\/es\/wp-json\/wp\/v2\/product\/133372","targetHints":{"allow":["GET"]}}],"collection":[{"href":"https:\/\/tilefly.com\/es\/wp-json\/wp\/v2\/product"}],"about":[{"href":"https:\/\/tilefly.com\/es\/wp-json\/wp\/v2\/types\/product"}],"replies":[{"embeddable":true,"href":"https:\/\/tilefly.com\/es\/wp-json\/wp\/v2\/comments?post=133372"}],"wp:featuredmedia":[{"embeddable":true,"href":"https:\/\/tilefly.com\/es\/wp-json\/wp\/v2\/media\/133374"}],"wp:attachment":[{"href":"https:\/\/tilefly.com\/es\/wp-json\/wp\/v2\/media?parent=133372"}],"wp:term":[{"taxonomy":"product_brand","embeddable":true,"href":"https:\/\/tilefly.com\/es\/wp-json\/wp\/v2\/product_brand?post=133372"},{"taxonomy":"product_cat","embeddable":true,"href":"https:\/\/tilefly.com\/es\/wp-json\/wp\/v2\/product_cat?post=133372"},{"taxonomy":"product_tag","embeddable":true,"href":"https:\/\/tilefly.com\/es\/wp-json\/wp\/v2\/product_tag?post=133372"}],"curies":[{"name":"wp","href":"https:\/\/api.w.org\/{rel}","templated":true}]}}