{"id":133356,"date":"2020-10-18T23:58:16","date_gmt":"2020-10-18T21:58:16","guid":{"rendered":"https:\/\/tilefly.com\/producto\/revestimiento-cristal-pan-de-oro-30x60\/"},"modified":"2025-05-28T00:45:08","modified_gmt":"2025-05-27T22:45:08","slug":"revestimiento-cristal-pan-de-oro-30x60","status":"publish","type":"product","link":"https:\/\/tilefly.com\/es\/producto\/revestimiento-cristal-pan-de-oro-30x60\/","title":{"rendered":"PAN DE ORO 30X60"},"content":{"rendered":"<p>Impresionante cristal con l\u00e1minas de pan de oro que le dar\u00e1n a cualquier ambiente elegancia y sobriedad. Es ideal para combinar con blancos, negros y m\u00e1rmoles. Existe tambi\u00e9n su lavabo en cristal a juego.<\/p>","protected":false},"excerpt":{"rendered":"<p>Impresionante cristal con l\u00e1minas de pan de oro que le dar\u00e1n a cualquier ambiente elegancia y sobriedad. Es ideal para combinar con blancos, negros y m\u00e1rmoles. Existe tambi\u00e9n su lavabo en cristal a juego.<\/p>\n","protected":false},"featured_media":133358,"comment_status":"open","ping_status":"closed","template":"","meta":[],"product_brand":[],"product_cat":[305,306,304],"product_tag":[],"class_list":{"0":"post-133356","1":"product","2":"type-product","3":"status-publish","4":"has-post-thumbnail","6":"product_cat-banos","7":"product_cat-cocina","8":"product_cat-revestimiento","10":"first","11":"instock","12":"shipping-taxable","13":"purchasable","14":"product-type-simple"},"_links":{"self":[{"href":"https:\/\/tilefly.com\/es\/wp-json\/wp\/v2\/product\/133356","targetHints":{"allow":["GET"]}}],"collection":[{"href":"https:\/\/tilefly.com\/es\/wp-json\/wp\/v2\/product"}],"about":[{"href":"https:\/\/tilefly.com\/es\/wp-json\/wp\/v2\/types\/product"}],"replies":[{"embeddable":true,"href":"https:\/\/tilefly.com\/es\/wp-json\/wp\/v2\/comments?post=133356"}],"wp:featuredmedia":[{"embeddable":true,"href":"https:\/\/tilefly.com\/es\/wp-json\/wp\/v2\/media\/133358"}],"wp:attachment":[{"href":"https:\/\/tilefly.com\/es\/wp-json\/wp\/v2\/media?parent=133356"}],"wp:term":[{"taxonomy":"product_brand","embeddable":true,"href":"https:\/\/tilefly.com\/es\/wp-json\/wp\/v2\/product_brand?post=133356"},{"taxonomy":"product_cat","embeddable":true,"href":"https:\/\/tilefly.com\/es\/wp-json\/wp\/v2\/product_cat?post=133356"},{"taxonomy":"product_tag","embeddable":true,"href":"https:\/\/tilefly.com\/es\/wp-json\/wp\/v2\/product_tag?post=133356"}],"curies":[{"name":"wp","href":"https:\/\/api.w.org\/{rel}","templated":true}]}}