{"id":133348,"date":"2020-10-18T23:58:16","date_gmt":"2020-10-18T21:58:16","guid":{"rendered":"https:\/\/tilefly.com\/producto\/mosaico-porcelanico-oxford-blue-295x295\/"},"modified":"2025-05-28T00:45:08","modified_gmt":"2025-05-27T22:45:08","slug":"mosaico-porcelanico-oxford-blue-295x295","status":"publish","type":"product","link":"https:\/\/tilefly.com\/es\/producto\/mosaico-porcelanico-oxford-blue-295x295\/","title":{"rendered":"OXFORD BLUE 29,5X29,5"},"content":{"rendered":"<h1><strong>Azulejo Porcel\u00e1nico OXFORD BLUE 29,5X29,5<\/strong><\/h1><p>Este azulejo Porcel\u00e1nico en formato  cm, acabado Satinado y color Azul, Blanco es perfecto para tu hogar. Su material de fabricaci\u00f3n es Porcel\u00e1nico.<\/p><p>Caracter\u00edsticas especiales: Mosaicos<\/p>","protected":false},"excerpt":{"rendered":"<p>Azulejo Porcel\u00e1nico OXFORD BLUE 29,5X29,5Este azulejo Porcel\u00e1nico en formato cm, acabado Satinado y color Azul, Blanco es perfecto para tu hogar. Su material de fabricaci\u00f3n es Porcel\u00e1nico.Caracter\u00edsticas especiales: Mosaicos<\/p>\n","protected":false},"featured_media":133350,"comment_status":"open","ping_status":"closed","template":"","meta":[],"product_brand":[],"product_cat":[305,306,304],"product_tag":[],"class_list":{"0":"post-133348","1":"product","2":"type-product","3":"status-publish","4":"has-post-thumbnail","6":"product_cat-banos","7":"product_cat-cocina","8":"product_cat-revestimiento","10":"first","11":"instock","12":"shipping-taxable","13":"purchasable","14":"product-type-simple"},"_links":{"self":[{"href":"https:\/\/tilefly.com\/es\/wp-json\/wp\/v2\/product\/133348","targetHints":{"allow":["GET"]}}],"collection":[{"href":"https:\/\/tilefly.com\/es\/wp-json\/wp\/v2\/product"}],"about":[{"href":"https:\/\/tilefly.com\/es\/wp-json\/wp\/v2\/types\/product"}],"replies":[{"embeddable":true,"href":"https:\/\/tilefly.com\/es\/wp-json\/wp\/v2\/comments?post=133348"}],"wp:featuredmedia":[{"embeddable":true,"href":"https:\/\/tilefly.com\/es\/wp-json\/wp\/v2\/media\/133350"}],"wp:attachment":[{"href":"https:\/\/tilefly.com\/es\/wp-json\/wp\/v2\/media?parent=133348"}],"wp:term":[{"taxonomy":"product_brand","embeddable":true,"href":"https:\/\/tilefly.com\/es\/wp-json\/wp\/v2\/product_brand?post=133348"},{"taxonomy":"product_cat","embeddable":true,"href":"https:\/\/tilefly.com\/es\/wp-json\/wp\/v2\/product_cat?post=133348"},{"taxonomy":"product_tag","embeddable":true,"href":"https:\/\/tilefly.com\/es\/wp-json\/wp\/v2\/product_tag?post=133348"}],"curies":[{"name":"wp","href":"https:\/\/api.w.org\/{rel}","templated":true}]}}