{"id":133290,"date":"2020-10-18T23:58:16","date_gmt":"2020-10-18T21:58:16","guid":{"rendered":"https:\/\/tilefly.com\/producto\/mosaico-piedra-odeon-dk-305x305\/"},"modified":"2024-12-13T11:11:27","modified_gmt":"2024-12-13T10:11:27","slug":"mosaico-piedra-odeon-dk-305x305","status":"publish","type":"product","link":"https:\/\/tilefly.com\/es\/producto\/mosaico-piedra-odeon-dk-305x305\/","title":{"rendered":"ODEON-DK 30,5X30,5"},"content":{"rendered":"<p>Elegante mosaico realizado con teselas irregulares de m\u00e1rmol crema, emperador claro y emperador oscuro en acabado brillo. Un valor seguro para los amantes del m\u00e1rmol cl\u00e1sico que buscan dar un toque de distinci\u00f3n a los ambientes que decora.<\/p>","protected":false},"excerpt":{"rendered":"<p>Elegante mosaico realizado con teselas irregulares de m\u00e1rmol crema, emperador claro y emperador oscuro en acabado brillo. Un valor seguro para los amantes del m\u00e1rmol cl\u00e1sico que buscan dar un toque de distinci\u00f3n a los ambientes que decora.<\/p>\n","protected":false},"featured_media":133292,"comment_status":"open","ping_status":"closed","template":"","meta":[],"product_brand":[],"product_cat":[562,563,564],"product_tag":[],"class_list":{"0":"post-133290","1":"product","2":"type-product","3":"status-publish","4":"has-post-thumbnail","6":"product_cat-badkamer-tegels","7":"product_cat-keuken-tegel","8":"product_cat-wandtegels","10":"first","11":"instock","12":"shipping-taxable","13":"purchasable","14":"product-type-simple"},"_links":{"self":[{"href":"https:\/\/tilefly.com\/es\/wp-json\/wp\/v2\/product\/133290","targetHints":{"allow":["GET"]}}],"collection":[{"href":"https:\/\/tilefly.com\/es\/wp-json\/wp\/v2\/product"}],"about":[{"href":"https:\/\/tilefly.com\/es\/wp-json\/wp\/v2\/types\/product"}],"replies":[{"embeddable":true,"href":"https:\/\/tilefly.com\/es\/wp-json\/wp\/v2\/comments?post=133290"}],"wp:featuredmedia":[{"embeddable":true,"href":"https:\/\/tilefly.com\/es\/wp-json\/wp\/v2\/media\/133292"}],"wp:attachment":[{"href":"https:\/\/tilefly.com\/es\/wp-json\/wp\/v2\/media?parent=133290"}],"wp:term":[{"taxonomy":"product_brand","embeddable":true,"href":"https:\/\/tilefly.com\/es\/wp-json\/wp\/v2\/product_brand?post=133290"},{"taxonomy":"product_cat","embeddable":true,"href":"https:\/\/tilefly.com\/es\/wp-json\/wp\/v2\/product_cat?post=133290"},{"taxonomy":"product_tag","embeddable":true,"href":"https:\/\/tilefly.com\/es\/wp-json\/wp\/v2\/product_tag?post=133290"}],"curies":[{"name":"wp","href":"https:\/\/api.w.org\/{rel}","templated":true}]}}