{"id":124419,"date":"2020-10-16T07:46:07","date_gmt":"2020-10-16T05:46:07","guid":{"rendered":"https:\/\/tilefly.com\/producto\/revestimiento-porcelanico-marden-natural-20x20\/"},"modified":"2024-12-13T11:15:01","modified_gmt":"2024-12-13T10:15:01","slug":"revestimiento-porcelanico-marden-natural-20x20","status":"publish","type":"product","link":"https:\/\/tilefly.com\/es\/producto\/revestimiento-porcelanico-marden-natural-20x20\/","title":{"rendered":"MARDEN NATURAL 20X20"},"content":{"rendered":"<p>Decoraci\u00f3n que simula los cambios y el desgaste de la piedra a trav\u00e9s de los a\u00f1os, un efecto que se logra gracias a la aplicaci\u00f3n de una granilla craquelada. Disponible en los colores natural y gris, perfecta para combinar con la serie Emporio.<\/p>","protected":false},"excerpt":{"rendered":"<p>Decoraci\u00f3n que simula los cambios y el desgaste de la piedra a trav\u00e9s de los a\u00f1os, un efecto que se logra gracias a la aplicaci\u00f3n de una granilla craquelada. Disponible en los colores natural y gris, perfecta para combinar con la serie Emporio.<\/p>\n","protected":false},"featured_media":124421,"comment_status":"open","ping_status":"closed","template":"","meta":[],"product_brand":[],"product_cat":[562,563,564],"product_tag":[],"class_list":{"0":"post-124419","1":"product","2":"type-product","3":"status-publish","4":"has-post-thumbnail","6":"product_cat-badkamer-tegels","7":"product_cat-keuken-tegel","8":"product_cat-wandtegels","10":"first","11":"outofstock","12":"shipping-taxable","13":"purchasable","14":"product-type-simple"},"_links":{"self":[{"href":"https:\/\/tilefly.com\/es\/wp-json\/wp\/v2\/product\/124419","targetHints":{"allow":["GET"]}}],"collection":[{"href":"https:\/\/tilefly.com\/es\/wp-json\/wp\/v2\/product"}],"about":[{"href":"https:\/\/tilefly.com\/es\/wp-json\/wp\/v2\/types\/product"}],"replies":[{"embeddable":true,"href":"https:\/\/tilefly.com\/es\/wp-json\/wp\/v2\/comments?post=124419"}],"wp:featuredmedia":[{"embeddable":true,"href":"https:\/\/tilefly.com\/es\/wp-json\/wp\/v2\/media\/124421"}],"wp:attachment":[{"href":"https:\/\/tilefly.com\/es\/wp-json\/wp\/v2\/media?parent=124419"}],"wp:term":[{"taxonomy":"product_brand","embeddable":true,"href":"https:\/\/tilefly.com\/es\/wp-json\/wp\/v2\/product_brand?post=124419"},{"taxonomy":"product_cat","embeddable":true,"href":"https:\/\/tilefly.com\/es\/wp-json\/wp\/v2\/product_cat?post=124419"},{"taxonomy":"product_tag","embeddable":true,"href":"https:\/\/tilefly.com\/es\/wp-json\/wp\/v2\/product_tag?post=124419"}],"curies":[{"name":"wp","href":"https:\/\/api.w.org\/{rel}","templated":true}]}}