{"id":124296,"date":"2020-10-16T07:46:07","date_gmt":"2020-10-16T05:46:07","guid":{"rendered":"https:\/\/tilefly.com\/producto\/revestimiento-ceramica-lucciola-vainilla-15x15\/"},"modified":"2025-10-20T12:52:44","modified_gmt":"2025-10-20T10:52:44","slug":"revestimiento-ceramica-lucciola-vainilla-15x15","status":"publish","type":"product","link":"https:\/\/tilefly.com\/es\/producto\/revestimiento-ceramica-lucciola-vainilla-15x15\/","title":{"rendered":"LUCCIOLA VAINILLA 15X15"},"content":{"rendered":"<p>Baldosa blanca en relieve, formato 15\u00d715 cm y acabado brillo, con suaves variaciones de color. Consta de cuatro relieves distintos que se sirven mezclados de manera aleatoria.<br \/>LUCCIOLA es una decoraci\u00f3n de la serie TARANTELA, un conjunto de cuatro relieves que reproducen las figuras cl\u00e1sicas de los azulejos hidr\u00e1ulicos. Se pueden usar en grandes \u00e1reas o resaltando alguna zona espec\u00edfica, combin\u00e1ndose con los azulejos lisos del mismo color. Disponible en cuatro colores frescos y brillantes: los delicados HUESO y VAINILLA aportan claridad y el MENTA o el AZUL nos traen la frescura de la naturaleza<\/p><p>El azulejo en peque\u00f1o formato es una opci\u00f3n ideal para aportar un toque acogedor y c\u00e1lido a cualquier estancia.<\/p><p>\u00a1Atr\u00e9vete a combinar los distintos colores y a jugar con su forma!<\/p><p>pared<br \/>interior<\/p>","protected":false},"excerpt":{"rendered":"<p>Baldosa blanca en relieve, formato 15\u00d715 cm y acabado brillo, con suaves variaciones de color. Consta de cuatro relieves distintos que se sirven mezclados de manera aleatoria.LUCCIOLA es una decoraci\u00f3n de la serie TARANTELA, un conjunto de cuatro relieves que reproducen las figuras cl\u00e1sicas de los azulejos hidr\u00e1ulicos. Se pueden usar en grandes \u00e1reas o [&hellip;]<\/p>\n","protected":false},"featured_media":124298,"comment_status":"open","ping_status":"closed","template":"","meta":[],"product_brand":[],"product_cat":[354,355,356],"product_tag":[],"class_list":{"0":"post-124296","1":"product","2":"type-product","3":"status-publish","4":"has-post-thumbnail","6":"product_cat-carrelage-salle-de-bain","7":"product_cat-cuisines","8":"product_cat-faiences","10":"first","11":"instock","12":"shipping-taxable","13":"purchasable","14":"product-type-simple"},"_links":{"self":[{"href":"https:\/\/tilefly.com\/es\/wp-json\/wp\/v2\/product\/124296","targetHints":{"allow":["GET"]}}],"collection":[{"href":"https:\/\/tilefly.com\/es\/wp-json\/wp\/v2\/product"}],"about":[{"href":"https:\/\/tilefly.com\/es\/wp-json\/wp\/v2\/types\/product"}],"replies":[{"embeddable":true,"href":"https:\/\/tilefly.com\/es\/wp-json\/wp\/v2\/comments?post=124296"}],"wp:featuredmedia":[{"embeddable":true,"href":"https:\/\/tilefly.com\/es\/wp-json\/wp\/v2\/media\/124298"}],"wp:attachment":[{"href":"https:\/\/tilefly.com\/es\/wp-json\/wp\/v2\/media?parent=124296"}],"wp:term":[{"taxonomy":"product_brand","embeddable":true,"href":"https:\/\/tilefly.com\/es\/wp-json\/wp\/v2\/product_brand?post=124296"},{"taxonomy":"product_cat","embeddable":true,"href":"https:\/\/tilefly.com\/es\/wp-json\/wp\/v2\/product_cat?post=124296"},{"taxonomy":"product_tag","embeddable":true,"href":"https:\/\/tilefly.com\/es\/wp-json\/wp\/v2\/product_tag?post=124296"}],"curies":[{"name":"wp","href":"https:\/\/api.w.org\/{rel}","templated":true}]}}