{"id":124284,"date":"2020-10-16T07:46:07","date_gmt":"2020-10-16T05:46:07","guid":{"rendered":"https:\/\/tilefly.com\/producto\/revestimiento-ceramica-lucciola-bronce-15x15\/"},"modified":"2026-03-05T14:54:47","modified_gmt":"2026-03-05T13:54:47","slug":"revestimiento-ceramica-lucciola-bronce-15x15","status":"publish","type":"product","link":"https:\/\/tilefly.com\/es\/producto\/revestimiento-ceramica-lucciola-bronce-15x15\/","title":{"rendered":"LUCCIOLA BRONCE 15X15"},"content":{"rendered":"<p>Baldosa cer\u00e1mica metalizada. Con relieve, formato 15\u00d715 cm y acabado envejecido. Suaves variaciones de tono. Cuatro relieves distintos que se sirven mezclados de manera aleatoria.<br \/>LUCCIOLA es una decoraci\u00f3n de la serie TARANTELA, un conjunto de cuatro relieves que reproducen las figuras cl\u00e1sicas de los azulejos hidr\u00e1ulicos. El aspecto de bronce envejecido de este azulejo lo convierte en una opci\u00f3n decorativa ideal para espacios dom\u00e9sticos como ba\u00f1os, cocinas o recibidores, y tambi\u00e9n para espacios p\u00fablicos, como barras, murales decorativos, restaurantes, etc<\/p><p>El azulejo en peque\u00f1o formato es una opci\u00f3n ideal para aportar un toque acogedor y c\u00e1lido a cualquier estancia.<\/p><p>\u00a1Atr\u00e9vete a combinar los distintos colores y a jugar con su forma!<\/p><p>pared<br \/>interior<br \/>f\u00e1cil limpieza<\/p>","protected":false},"excerpt":{"rendered":"<p>Baldosa cer\u00e1mica metalizada. Con relieve, formato 15\u00d715 cm y acabado envejecido. Suaves variaciones de tono. Cuatro relieves distintos que se sirven mezclados de manera aleatoria.LUCCIOLA es una decoraci\u00f3n de la serie TARANTELA, un conjunto de cuatro relieves que reproducen las figuras cl\u00e1sicas de los azulejos hidr\u00e1ulicos. El aspecto de bronce envejecido de este azulejo lo [&hellip;]<\/p>\n","protected":false},"featured_media":124286,"comment_status":"open","ping_status":"closed","template":"","meta":[],"product_brand":[],"product_cat":[354,355,356],"product_tag":[],"class_list":{"0":"post-124284","1":"product","2":"type-product","3":"status-publish","4":"has-post-thumbnail","6":"product_cat-carrelage-salle-de-bain","7":"product_cat-cuisines","8":"product_cat-faiences","10":"first","11":"outofstock","12":"shipping-taxable","13":"purchasable","14":"product-type-simple"},"_links":{"self":[{"href":"https:\/\/tilefly.com\/es\/wp-json\/wp\/v2\/product\/124284","targetHints":{"allow":["GET"]}}],"collection":[{"href":"https:\/\/tilefly.com\/es\/wp-json\/wp\/v2\/product"}],"about":[{"href":"https:\/\/tilefly.com\/es\/wp-json\/wp\/v2\/types\/product"}],"replies":[{"embeddable":true,"href":"https:\/\/tilefly.com\/es\/wp-json\/wp\/v2\/comments?post=124284"}],"wp:featuredmedia":[{"embeddable":true,"href":"https:\/\/tilefly.com\/es\/wp-json\/wp\/v2\/media\/124286"}],"wp:attachment":[{"href":"https:\/\/tilefly.com\/es\/wp-json\/wp\/v2\/media?parent=124284"}],"wp:term":[{"taxonomy":"product_brand","embeddable":true,"href":"https:\/\/tilefly.com\/es\/wp-json\/wp\/v2\/product_brand?post=124284"},{"taxonomy":"product_cat","embeddable":true,"href":"https:\/\/tilefly.com\/es\/wp-json\/wp\/v2\/product_cat?post=124284"},{"taxonomy":"product_tag","embeddable":true,"href":"https:\/\/tilefly.com\/es\/wp-json\/wp\/v2\/product_tag?post=124284"}],"curies":[{"name":"wp","href":"https:\/\/api.w.org\/{rel}","templated":true}]}}