{"id":124114,"date":"2020-10-16T07:46:07","date_gmt":"2020-10-16T05:46:07","guid":{"rendered":"https:\/\/tilefly.com\/producto\/revestimiento-ceramica-kioto-bronzo-25x25\/"},"modified":"2025-05-28T00:30:06","modified_gmt":"2025-05-27T22:30:06","slug":"revestimiento-ceramica-kioto-bronzo-25x25","status":"publish","type":"product","link":"https:\/\/tilefly.com\/es\/producto\/revestimiento-ceramica-kioto-bronzo-25x25\/","title":{"rendered":"KIOTO BRONZO 25X25"},"content":{"rendered":"<p>Azulejo con relieve, volumen 3D en forma de pir\u00e1mide con v\u00e9rtice desplazado. En color bronzo. Se puede jugar con la manera de colocarlo para lograr juegos de vol\u00famenes que inciden con la luz.<\/p>","protected":false},"excerpt":{"rendered":"<p>Azulejo con relieve, volumen 3D en forma de pir\u00e1mide con v\u00e9rtice desplazado. En color bronzo. Se puede jugar con la manera de colocarlo para lograr juegos de vol\u00famenes que inciden con la luz.<\/p>\n","protected":false},"featured_media":124116,"comment_status":"open","ping_status":"closed","template":"","meta":[],"product_brand":[],"product_cat":[562,563,564],"product_tag":[],"class_list":{"0":"post-124114","1":"product","2":"type-product","3":"status-publish","4":"has-post-thumbnail","6":"product_cat-badkamer-tegels","7":"product_cat-keuken-tegel","8":"product_cat-wandtegels","10":"first","11":"instock","12":"shipping-taxable","13":"purchasable","14":"product-type-simple"},"_links":{"self":[{"href":"https:\/\/tilefly.com\/es\/wp-json\/wp\/v2\/product\/124114","targetHints":{"allow":["GET"]}}],"collection":[{"href":"https:\/\/tilefly.com\/es\/wp-json\/wp\/v2\/product"}],"about":[{"href":"https:\/\/tilefly.com\/es\/wp-json\/wp\/v2\/types\/product"}],"replies":[{"embeddable":true,"href":"https:\/\/tilefly.com\/es\/wp-json\/wp\/v2\/comments?post=124114"}],"wp:featuredmedia":[{"embeddable":true,"href":"https:\/\/tilefly.com\/es\/wp-json\/wp\/v2\/media\/124116"}],"wp:attachment":[{"href":"https:\/\/tilefly.com\/es\/wp-json\/wp\/v2\/media?parent=124114"}],"wp:term":[{"taxonomy":"product_brand","embeddable":true,"href":"https:\/\/tilefly.com\/es\/wp-json\/wp\/v2\/product_brand?post=124114"},{"taxonomy":"product_cat","embeddable":true,"href":"https:\/\/tilefly.com\/es\/wp-json\/wp\/v2\/product_cat?post=124114"},{"taxonomy":"product_tag","embeddable":true,"href":"https:\/\/tilefly.com\/es\/wp-json\/wp\/v2\/product_tag?post=124114"}],"curies":[{"name":"wp","href":"https:\/\/api.w.org\/{rel}","templated":true}]}}