{"id":124102,"date":"2020-10-16T07:46:07","date_gmt":"2020-10-16T05:46:07","guid":{"rendered":"https:\/\/tilefly.com\/producto\/mosaico-kassiani-29x30\/"},"modified":"2024-05-06T00:01:11","modified_gmt":"2024-05-05T22:01:11","slug":"mosaico-kassiani-29x30","status":"publish","type":"product","link":"https:\/\/tilefly.com\/es\/producto\/mosaico-kassiani-29x30\/","title":{"rendered":"KASSIANI 29X30"},"content":{"rendered":"<p>Contempor\u00e1neo y elegante mosaico en tonos grises que sigue la tendencia de los hex\u00e1gonos y donde mezclamos cristales iridiscentes con piedra natural enriqueciendo a\u00fan m\u00e1s su aspecto final.<\/p>","protected":false},"excerpt":{"rendered":"<p>Contempor\u00e1neo y elegante mosaico en tonos grises que sigue la tendencia de los hex\u00e1gonos y donde mezclamos cristales iridiscentes con piedra natural enriqueciendo a\u00fan m\u00e1s su aspecto final.<\/p>\n","protected":false},"featured_media":124104,"comment_status":"open","ping_status":"closed","template":"","meta":[],"product_brand":[],"product_cat":[305,306,304],"product_tag":[],"class_list":{"0":"post-124102","1":"product","2":"type-product","3":"status-publish","4":"has-post-thumbnail","6":"product_cat-banos","7":"product_cat-cocina","8":"product_cat-revestimiento","10":"first","11":"instock","12":"shipping-taxable","13":"purchasable","14":"product-type-simple"},"_links":{"self":[{"href":"https:\/\/tilefly.com\/es\/wp-json\/wp\/v2\/product\/124102","targetHints":{"allow":["GET"]}}],"collection":[{"href":"https:\/\/tilefly.com\/es\/wp-json\/wp\/v2\/product"}],"about":[{"href":"https:\/\/tilefly.com\/es\/wp-json\/wp\/v2\/types\/product"}],"replies":[{"embeddable":true,"href":"https:\/\/tilefly.com\/es\/wp-json\/wp\/v2\/comments?post=124102"}],"wp:featuredmedia":[{"embeddable":true,"href":"https:\/\/tilefly.com\/es\/wp-json\/wp\/v2\/media\/124104"}],"wp:attachment":[{"href":"https:\/\/tilefly.com\/es\/wp-json\/wp\/v2\/media?parent=124102"}],"wp:term":[{"taxonomy":"product_brand","embeddable":true,"href":"https:\/\/tilefly.com\/es\/wp-json\/wp\/v2\/product_brand?post=124102"},{"taxonomy":"product_cat","embeddable":true,"href":"https:\/\/tilefly.com\/es\/wp-json\/wp\/v2\/product_cat?post=124102"},{"taxonomy":"product_tag","embeddable":true,"href":"https:\/\/tilefly.com\/es\/wp-json\/wp\/v2\/product_tag?post=124102"}],"curies":[{"name":"wp","href":"https:\/\/api.w.org\/{rel}","templated":true}]}}