{"id":124016,"date":"2020-10-16T07:46:07","date_gmt":"2020-10-16T05:46:07","guid":{"rendered":"https:\/\/tilefly.com\/producto\/revestimiento-ceramica-imperiale-mezzo-30x90\/"},"modified":"2025-05-28T00:29:56","modified_gmt":"2025-05-27T22:29:56","slug":"revestimiento-ceramica-imperiale-mezzo-30x90","status":"publish","type":"product","link":"https:\/\/tilefly.com\/es\/producto\/revestimiento-ceramica-imperiale-mezzo-30x90\/","title":{"rendered":"IMPERIALE MEZZO 30X90"},"content":{"rendered":"<p>Elegante azulejo rectificado en 30&#215;90 con la textura del m\u00e1rmol IMPERIAL BLACK realizado en tono beige medio y acabado brillo. Muy vers\u00e1til ya que puede colocarse en horizontal y vertical, con un amplia gama de decorados del minimalismo m\u00e1s puro a las decoraciones m\u00e1s lujosas.<\/p>","protected":false},"excerpt":{"rendered":"<p>Elegante azulejo rectificado en 30&#215;90 con la textura del m\u00e1rmol IMPERIAL BLACK realizado en tono beige medio y acabado brillo. Muy vers\u00e1til ya que puede colocarse en horizontal y vertical, con un amplia gama de decorados del minimalismo m\u00e1s puro a las decoraciones m\u00e1s lujosas.<\/p>\n","protected":false},"featured_media":124018,"comment_status":"open","ping_status":"closed","template":"","meta":[],"product_brand":[],"product_cat":[847,848,827],"product_tag":[],"class_list":{"0":"post-124016","1":"product","2":"type-product","3":"status-publish","4":"has-post-thumbnail","6":"product_cat-bagni","7":"product_cat-cucine","8":"product_cat-rivestimento","10":"first","11":"outofstock","12":"shipping-taxable","13":"purchasable","14":"product-type-simple"},"_links":{"self":[{"href":"https:\/\/tilefly.com\/es\/wp-json\/wp\/v2\/product\/124016","targetHints":{"allow":["GET"]}}],"collection":[{"href":"https:\/\/tilefly.com\/es\/wp-json\/wp\/v2\/product"}],"about":[{"href":"https:\/\/tilefly.com\/es\/wp-json\/wp\/v2\/types\/product"}],"replies":[{"embeddable":true,"href":"https:\/\/tilefly.com\/es\/wp-json\/wp\/v2\/comments?post=124016"}],"wp:featuredmedia":[{"embeddable":true,"href":"https:\/\/tilefly.com\/es\/wp-json\/wp\/v2\/media\/124018"}],"wp:attachment":[{"href":"https:\/\/tilefly.com\/es\/wp-json\/wp\/v2\/media?parent=124016"}],"wp:term":[{"taxonomy":"product_brand","embeddable":true,"href":"https:\/\/tilefly.com\/es\/wp-json\/wp\/v2\/product_brand?post=124016"},{"taxonomy":"product_cat","embeddable":true,"href":"https:\/\/tilefly.com\/es\/wp-json\/wp\/v2\/product_cat?post=124016"},{"taxonomy":"product_tag","embeddable":true,"href":"https:\/\/tilefly.com\/es\/wp-json\/wp\/v2\/product_tag?post=124016"}],"curies":[{"name":"wp","href":"https:\/\/api.w.org\/{rel}","templated":true}]}}