{"id":123936,"date":"2020-10-16T07:46:07","date_gmt":"2020-10-16T05:46:07","guid":{"rendered":"https:\/\/tilefly.com\/producto\/revestimiento-porcelanico-hexaline-mix-black-215x25\/"},"modified":"2025-05-28T00:29:39","modified_gmt":"2025-05-27T22:29:39","slug":"revestimiento-porcelanico-hexaline-mix-black-215x25","status":"publish","type":"product","link":"https:\/\/tilefly.com\/es\/producto\/revestimiento-porcelanico-hexaline-mix-black-215x25\/","title":{"rendered":"HEXALINE MIX BLACK 21,5X25"},"content":{"rendered":"<h1><strong>Azulejo Porcel\u00e1nico HEXALINE MIX BLACK 21,5X25<\/strong><\/h1><p>Este azulejo Porcel\u00e1nico en formato  cm, acabado Satinado y color Negro \/ Oscuro es perfecto para tu hogar. Su material de fabricaci\u00f3n es Porcel\u00e1nico.<\/p><p>Caracter\u00edsticas especiales: Decorado, Hex\u00e1gonos<\/p>","protected":false},"excerpt":{"rendered":"<p>Azulejo Porcel\u00e1nico HEXALINE MIX BLACK 21,5X25Este azulejo Porcel\u00e1nico en formato cm, acabado Satinado y color Negro \/ Oscuro es perfecto para tu hogar. Su material de fabricaci\u00f3n es Porcel\u00e1nico.Caracter\u00edsticas especiales: Decorado, Hex\u00e1gonos<\/p>\n","protected":false},"featured_media":123938,"comment_status":"open","ping_status":"closed","template":"","meta":[],"product_brand":[],"product_cat":[305,306,304],"product_tag":[],"class_list":{"0":"post-123936","1":"product","2":"type-product","3":"status-publish","4":"has-post-thumbnail","6":"product_cat-banos","7":"product_cat-cocina","8":"product_cat-revestimiento","10":"first","11":"outofstock","12":"shipping-taxable","13":"purchasable","14":"product-type-simple"},"_links":{"self":[{"href":"https:\/\/tilefly.com\/es\/wp-json\/wp\/v2\/product\/123936","targetHints":{"allow":["GET"]}}],"collection":[{"href":"https:\/\/tilefly.com\/es\/wp-json\/wp\/v2\/product"}],"about":[{"href":"https:\/\/tilefly.com\/es\/wp-json\/wp\/v2\/types\/product"}],"replies":[{"embeddable":true,"href":"https:\/\/tilefly.com\/es\/wp-json\/wp\/v2\/comments?post=123936"}],"wp:featuredmedia":[{"embeddable":true,"href":"https:\/\/tilefly.com\/es\/wp-json\/wp\/v2\/media\/123938"}],"wp:attachment":[{"href":"https:\/\/tilefly.com\/es\/wp-json\/wp\/v2\/media?parent=123936"}],"wp:term":[{"taxonomy":"product_brand","embeddable":true,"href":"https:\/\/tilefly.com\/es\/wp-json\/wp\/v2\/product_brand?post=123936"},{"taxonomy":"product_cat","embeddable":true,"href":"https:\/\/tilefly.com\/es\/wp-json\/wp\/v2\/product_cat?post=123936"},{"taxonomy":"product_tag","embeddable":true,"href":"https:\/\/tilefly.com\/es\/wp-json\/wp\/v2\/product_tag?post=123936"}],"curies":[{"name":"wp","href":"https:\/\/api.w.org\/{rel}","templated":true}]}}