{"id":123920,"date":"2020-10-16T07:46:07","date_gmt":"2020-10-16T05:46:07","guid":{"rendered":"https:\/\/tilefly.com\/producto\/revestimiento-ceramica-hexagon-30x90\/"},"modified":"2025-05-28T00:29:38","modified_gmt":"2025-05-27T22:29:38","slug":"revestimiento-ceramica-hexagon-30x90","status":"publish","type":"product","link":"https:\/\/tilefly.com\/es\/producto\/revestimiento-ceramica-hexagon-30x90\/","title":{"rendered":"HEXAGON 30X90"},"content":{"rendered":"<p>Decoraci\u00f3n cer\u00e1mica con un dise\u00f1o geom\u00e9trico hexagonal de gran riqueza t\u00e9cnica y est\u00e9tica.  Se vende por metro cuadrado ya que est\u00e1 concebida para decorar \u00e1reas completas.<\/p>","protected":false},"excerpt":{"rendered":"<p>Decoraci\u00f3n cer\u00e1mica con un dise\u00f1o geom\u00e9trico hexagonal de gran riqueza t\u00e9cnica y est\u00e9tica. Se vende por metro cuadrado ya que est\u00e1 concebida para decorar \u00e1reas completas.<\/p>\n","protected":false},"featured_media":123922,"comment_status":"open","ping_status":"closed","template":"","meta":[],"product_brand":[],"product_cat":[847,848,827],"product_tag":[],"class_list":{"0":"post-123920","1":"product","2":"type-product","3":"status-publish","4":"has-post-thumbnail","6":"product_cat-bagni","7":"product_cat-cucine","8":"product_cat-rivestimento","10":"first","11":"outofstock","12":"shipping-taxable","13":"purchasable","14":"product-type-simple"},"_links":{"self":[{"href":"https:\/\/tilefly.com\/es\/wp-json\/wp\/v2\/product\/123920","targetHints":{"allow":["GET"]}}],"collection":[{"href":"https:\/\/tilefly.com\/es\/wp-json\/wp\/v2\/product"}],"about":[{"href":"https:\/\/tilefly.com\/es\/wp-json\/wp\/v2\/types\/product"}],"replies":[{"embeddable":true,"href":"https:\/\/tilefly.com\/es\/wp-json\/wp\/v2\/comments?post=123920"}],"wp:featuredmedia":[{"embeddable":true,"href":"https:\/\/tilefly.com\/es\/wp-json\/wp\/v2\/media\/123922"}],"wp:attachment":[{"href":"https:\/\/tilefly.com\/es\/wp-json\/wp\/v2\/media?parent=123920"}],"wp:term":[{"taxonomy":"product_brand","embeddable":true,"href":"https:\/\/tilefly.com\/es\/wp-json\/wp\/v2\/product_brand?post=123920"},{"taxonomy":"product_cat","embeddable":true,"href":"https:\/\/tilefly.com\/es\/wp-json\/wp\/v2\/product_cat?post=123920"},{"taxonomy":"product_tag","embeddable":true,"href":"https:\/\/tilefly.com\/es\/wp-json\/wp\/v2\/product_tag?post=123920"}],"curies":[{"name":"wp","href":"https:\/\/api.w.org\/{rel}","templated":true}]}}