{"id":123881,"date":"2020-10-16T07:46:07","date_gmt":"2020-10-16T05:46:07","guid":{"rendered":"https:\/\/tilefly.com\/producto\/revestimiento-ceramica-glassy-30x90\/"},"modified":"2025-05-28T00:29:37","modified_gmt":"2025-05-27T22:29:37","slug":"revestimiento-ceramica-glassy-30x90","status":"publish","type":"product","link":"https:\/\/tilefly.com\/es\/producto\/revestimiento-ceramica-glassy-30x90\/","title":{"rendered":"GLASSY 30X90"},"content":{"rendered":"<p>Este dise\u00f1o de 30&#215;90 refleja el esp\u00edritu de la cer\u00e1mica antigua, donde el esmalte reacciona caprichosamente para fusionarse con el azulejo creando efectos cambiantes. Comb\u00ednalo con revestimiento y pavimentos de la serie Fancy.<\/p>","protected":false},"excerpt":{"rendered":"<p>Este dise\u00f1o de 30&#215;90 refleja el esp\u00edritu de la cer\u00e1mica antigua, donde el esmalte reacciona caprichosamente para fusionarse con el azulejo creando efectos cambiantes. Comb\u00ednalo con revestimiento y pavimentos de la serie Fancy.<\/p>\n","protected":false},"featured_media":123883,"comment_status":"open","ping_status":"closed","template":"","meta":[],"product_brand":[],"product_cat":[305,306,304],"product_tag":[],"class_list":{"0":"post-123881","1":"product","2":"type-product","3":"status-publish","4":"has-post-thumbnail","6":"product_cat-banos","7":"product_cat-cocina","8":"product_cat-revestimiento","10":"first","11":"outofstock","12":"shipping-taxable","13":"purchasable","14":"product-type-simple"},"_links":{"self":[{"href":"https:\/\/tilefly.com\/es\/wp-json\/wp\/v2\/product\/123881","targetHints":{"allow":["GET"]}}],"collection":[{"href":"https:\/\/tilefly.com\/es\/wp-json\/wp\/v2\/product"}],"about":[{"href":"https:\/\/tilefly.com\/es\/wp-json\/wp\/v2\/types\/product"}],"replies":[{"embeddable":true,"href":"https:\/\/tilefly.com\/es\/wp-json\/wp\/v2\/comments?post=123881"}],"wp:featuredmedia":[{"embeddable":true,"href":"https:\/\/tilefly.com\/es\/wp-json\/wp\/v2\/media\/123883"}],"wp:attachment":[{"href":"https:\/\/tilefly.com\/es\/wp-json\/wp\/v2\/media?parent=123881"}],"wp:term":[{"taxonomy":"product_brand","embeddable":true,"href":"https:\/\/tilefly.com\/es\/wp-json\/wp\/v2\/product_brand?post=123881"},{"taxonomy":"product_cat","embeddable":true,"href":"https:\/\/tilefly.com\/es\/wp-json\/wp\/v2\/product_cat?post=123881"},{"taxonomy":"product_tag","embeddable":true,"href":"https:\/\/tilefly.com\/es\/wp-json\/wp\/v2\/product_tag?post=123881"}],"curies":[{"name":"wp","href":"https:\/\/api.w.org\/{rel}","templated":true}]}}