{"id":120894,"date":"2020-10-14T22:46:14","date_gmt":"2020-10-14T20:46:14","guid":{"rendered":"https:\/\/tilefly.com\/producto\/revestimiento-ceramica-crackle-nieve-65x33\/"},"modified":"2025-10-20T12:45:56","modified_gmt":"2025-10-20T10:45:56","slug":"revestimiento-ceramica-crackle-nieve-65x33","status":"publish","type":"product","link":"https:\/\/tilefly.com\/es\/producto\/revestimiento-ceramica-crackle-nieve-65x33\/","title":{"rendered":"CRACKLE NIEVE 6,5X33"},"content":{"rendered":"<p>Bello azulejo de peque\u00f1o formato en forma de flecha de dos puntas, una original propuesta con piezas muy destonificadas en una suave paleta de tonos pastel. Gracias a la decoraci\u00f3n digital, se reproduce fielmente el aspecto cuarteado de la cer\u00e1mica antigua pero con una protecci\u00f3n total contra las manchas. En horizontal o vertical se puede usar solo o mezclado con el decorado de la serie crackle.<\/p>","protected":false},"excerpt":{"rendered":"<p>Bello azulejo de peque\u00f1o formato en forma de flecha de dos puntas, una original propuesta con piezas muy destonificadas en una suave paleta de tonos pastel. Gracias a la decoraci\u00f3n digital, se reproduce fielmente el aspecto cuarteado de la cer\u00e1mica antigua pero con una protecci\u00f3n total contra las manchas. En horizontal o vertical se puede [&hellip;]<\/p>\n","protected":false},"featured_media":120896,"comment_status":"open","ping_status":"closed","template":"","meta":[],"product_brand":[],"product_cat":[354,355,356],"product_tag":[],"class_list":{"0":"post-120894","1":"product","2":"type-product","3":"status-publish","4":"has-post-thumbnail","6":"product_cat-carrelage-salle-de-bain","7":"product_cat-cuisines","8":"product_cat-faiences","10":"first","11":"instock","12":"shipping-taxable","13":"purchasable","14":"product-type-simple"},"_links":{"self":[{"href":"https:\/\/tilefly.com\/es\/wp-json\/wp\/v2\/product\/120894","targetHints":{"allow":["GET"]}}],"collection":[{"href":"https:\/\/tilefly.com\/es\/wp-json\/wp\/v2\/product"}],"about":[{"href":"https:\/\/tilefly.com\/es\/wp-json\/wp\/v2\/types\/product"}],"replies":[{"embeddable":true,"href":"https:\/\/tilefly.com\/es\/wp-json\/wp\/v2\/comments?post=120894"}],"wp:featuredmedia":[{"embeddable":true,"href":"https:\/\/tilefly.com\/es\/wp-json\/wp\/v2\/media\/120896"}],"wp:attachment":[{"href":"https:\/\/tilefly.com\/es\/wp-json\/wp\/v2\/media?parent=120894"}],"wp:term":[{"taxonomy":"product_brand","embeddable":true,"href":"https:\/\/tilefly.com\/es\/wp-json\/wp\/v2\/product_brand?post=120894"},{"taxonomy":"product_cat","embeddable":true,"href":"https:\/\/tilefly.com\/es\/wp-json\/wp\/v2\/product_cat?post=120894"},{"taxonomy":"product_tag","embeddable":true,"href":"https:\/\/tilefly.com\/es\/wp-json\/wp\/v2\/product_tag?post=120894"}],"curies":[{"name":"wp","href":"https:\/\/api.w.org\/{rel}","templated":true}]}}