{"id":120878,"date":"2020-10-14T22:46:14","date_gmt":"2020-10-14T20:46:14","guid":{"rendered":"https:\/\/tilefly.com\/producto\/revestimiento-ceramica-crackle-decor-metal-65x33\/"},"modified":"2025-10-20T12:47:17","modified_gmt":"2025-10-20T10:47:17","slug":"revestimiento-ceramica-crackle-decor-metal-65x33","status":"publish","type":"product","link":"https:\/\/tilefly.com\/es\/producto\/revestimiento-ceramica-crackle-decor-metal-65x33\/","title":{"rendered":"CRACKLE DECOR METAL 6,5X33"},"content":{"rendered":"<p>Bello azulejo de peque\u00f1o formato en forma de flecha de dos puntas, una original propuesta con relieves distintos, cubiertos por un esmalte met\u00e1lico que crea preciosos destellos de luz. En horizontal o vertical es una opci\u00f3n muy interesante para decorar zonas con gran personalidad.<\/p>","protected":false},"excerpt":{"rendered":"<p>Bello azulejo de peque\u00f1o formato en forma de flecha de dos puntas, una original propuesta con relieves distintos, cubiertos por un esmalte met\u00e1lico que crea preciosos destellos de luz. En horizontal o vertical es una opci\u00f3n muy interesante para decorar zonas con gran personalidad.<\/p>\n","protected":false},"featured_media":120880,"comment_status":"open","ping_status":"closed","template":"","meta":[],"product_brand":[],"product_cat":[305,306,304],"product_tag":[],"class_list":{"0":"post-120878","1":"product","2":"type-product","3":"status-publish","4":"has-post-thumbnail","6":"product_cat-banos","7":"product_cat-cocina","8":"product_cat-revestimiento","10":"first","11":"instock","12":"shipping-taxable","13":"purchasable","14":"product-type-simple"},"_links":{"self":[{"href":"https:\/\/tilefly.com\/es\/wp-json\/wp\/v2\/product\/120878","targetHints":{"allow":["GET"]}}],"collection":[{"href":"https:\/\/tilefly.com\/es\/wp-json\/wp\/v2\/product"}],"about":[{"href":"https:\/\/tilefly.com\/es\/wp-json\/wp\/v2\/types\/product"}],"replies":[{"embeddable":true,"href":"https:\/\/tilefly.com\/es\/wp-json\/wp\/v2\/comments?post=120878"}],"wp:featuredmedia":[{"embeddable":true,"href":"https:\/\/tilefly.com\/es\/wp-json\/wp\/v2\/media\/120880"}],"wp:attachment":[{"href":"https:\/\/tilefly.com\/es\/wp-json\/wp\/v2\/media?parent=120878"}],"wp:term":[{"taxonomy":"product_brand","embeddable":true,"href":"https:\/\/tilefly.com\/es\/wp-json\/wp\/v2\/product_brand?post=120878"},{"taxonomy":"product_cat","embeddable":true,"href":"https:\/\/tilefly.com\/es\/wp-json\/wp\/v2\/product_cat?post=120878"},{"taxonomy":"product_tag","embeddable":true,"href":"https:\/\/tilefly.com\/es\/wp-json\/wp\/v2\/product_tag?post=120878"}],"curies":[{"name":"wp","href":"https:\/\/api.w.org\/{rel}","templated":true}]}}