{"id":120858,"date":"2020-10-14T22:46:14","date_gmt":"2020-10-14T20:46:14","guid":{"rendered":"https:\/\/tilefly.com\/producto\/revestimiento-ceramica-cottage-30x90\/"},"modified":"2025-05-28T00:26:38","modified_gmt":"2025-05-27T22:26:38","slug":"revestimiento-ceramica-cottage-30x90","status":"publish","type":"product","link":"https:\/\/tilefly.com\/es\/producto\/revestimiento-ceramica-cottage-30x90\/","title":{"rendered":"COTTAGE 30X90"},"content":{"rendered":"<p>Este decorado de 30&#215;90 es una versi\u00f3n de las geometr\u00edas sacadas del hidraulico tradicional, reinventando su apariencia con tonos neutros pero s\u00f3lidos.<\/p>","protected":false},"excerpt":{"rendered":"<p>Este decorado de 30&#215;90 es una versi\u00f3n de las geometr\u00edas sacadas del hidraulico tradicional, reinventando su apariencia con tonos neutros pero s\u00f3lidos.<\/p>\n","protected":false},"featured_media":120860,"comment_status":"open","ping_status":"closed","template":"","meta":[],"product_brand":[],"product_cat":[847,848,827],"product_tag":[],"class_list":{"0":"post-120858","1":"product","2":"type-product","3":"status-publish","4":"has-post-thumbnail","6":"product_cat-bagni","7":"product_cat-cucine","8":"product_cat-rivestimento","10":"first","11":"outofstock","12":"shipping-taxable","13":"purchasable","14":"product-type-simple"},"_links":{"self":[{"href":"https:\/\/tilefly.com\/es\/wp-json\/wp\/v2\/product\/120858","targetHints":{"allow":["GET"]}}],"collection":[{"href":"https:\/\/tilefly.com\/es\/wp-json\/wp\/v2\/product"}],"about":[{"href":"https:\/\/tilefly.com\/es\/wp-json\/wp\/v2\/types\/product"}],"replies":[{"embeddable":true,"href":"https:\/\/tilefly.com\/es\/wp-json\/wp\/v2\/comments?post=120858"}],"wp:featuredmedia":[{"embeddable":true,"href":"https:\/\/tilefly.com\/es\/wp-json\/wp\/v2\/media\/120860"}],"wp:attachment":[{"href":"https:\/\/tilefly.com\/es\/wp-json\/wp\/v2\/media?parent=120858"}],"wp:term":[{"taxonomy":"product_brand","embeddable":true,"href":"https:\/\/tilefly.com\/es\/wp-json\/wp\/v2\/product_brand?post=120858"},{"taxonomy":"product_cat","embeddable":true,"href":"https:\/\/tilefly.com\/es\/wp-json\/wp\/v2\/product_cat?post=120858"},{"taxonomy":"product_tag","embeddable":true,"href":"https:\/\/tilefly.com\/es\/wp-json\/wp\/v2\/product_tag?post=120858"}],"curies":[{"name":"wp","href":"https:\/\/api.w.org\/{rel}","templated":true}]}}