{"id":120830,"date":"2020-10-14T22:46:14","date_gmt":"2020-10-14T20:46:14","guid":{"rendered":"https:\/\/tilefly.com\/producto\/pavimento-porcelanico-coimbra-20x20\/"},"modified":"2024-05-06T00:00:50","modified_gmt":"2024-05-05T22:00:50","slug":"pavimento-porcelanico-coimbra-20x20","status":"publish","type":"product","link":"https:\/\/tilefly.com\/es\/producto\/pavimento-porcelanico-coimbra-20x20\/","title":{"rendered":"COIMBRA 20X20"},"content":{"rendered":"<p>Baldosa de porcel\u00e1nico imitaci\u00f3n de azulejo hidr\u00e1ulico de 20\u00d720, en un delicado mosaico en tonos blanco roto, gris perla y azul.<\/p><p>DUNE presenta SAUDADE, una nueva propuesta basada en el colorido y las gr\u00e1ficas de los azulejos hidr\u00e1ulicos portugueses, en la que tradici\u00f3n y dise\u00f1o se a\u00fanan para ofrecer una colecci\u00f3n de suelos elegante y atemporal. Con altas prestaciones t\u00e9cnicas, es una opci\u00f3n resistente y muy f\u00e1cil de limpiar. Disponible en 4 colores para usar solos o combinados. Su clase 2 de deslizamiento hace que se pueda colocar en interior y zonas exteriores como patios, balcones y terrazas comerciales.<\/p><p>Puedes emplear los mosaicos combin\u00e1ndolos con nuestras piezas SAUDADE en color PERLA, BLANCO, BERMELL\u00d3N y AZUL creando alfombras, ideales para aportar carisma y detalle a la estancia.<\/p>","protected":false},"excerpt":{"rendered":"<p>Baldosa de porcel\u00e1nico imitaci\u00f3n de azulejo hidr\u00e1ulico de 20\u00d720, en un delicado mosaico en tonos blanco roto, gris perla y azul.DUNE presenta SAUDADE, una nueva propuesta basada en el colorido y las gr\u00e1ficas de los azulejos hidr\u00e1ulicos portugueses, en la que tradici\u00f3n y dise\u00f1o se a\u00fanan para ofrecer una colecci\u00f3n de suelos elegante y atemporal. [&hellip;]<\/p>\n","protected":false},"featured_media":120832,"comment_status":"open","ping_status":"closed","template":"","meta":[],"product_brand":[],"product_cat":[305,306,304],"product_tag":[],"class_list":{"0":"post-120830","1":"product","2":"type-product","3":"status-publish","4":"has-post-thumbnail","6":"product_cat-banos","7":"product_cat-cocina","8":"product_cat-revestimiento","10":"first","11":"instock","12":"shipping-taxable","13":"purchasable","14":"product-type-simple"},"_links":{"self":[{"href":"https:\/\/tilefly.com\/es\/wp-json\/wp\/v2\/product\/120830","targetHints":{"allow":["GET"]}}],"collection":[{"href":"https:\/\/tilefly.com\/es\/wp-json\/wp\/v2\/product"}],"about":[{"href":"https:\/\/tilefly.com\/es\/wp-json\/wp\/v2\/types\/product"}],"replies":[{"embeddable":true,"href":"https:\/\/tilefly.com\/es\/wp-json\/wp\/v2\/comments?post=120830"}],"wp:featuredmedia":[{"embeddable":true,"href":"https:\/\/tilefly.com\/es\/wp-json\/wp\/v2\/media\/120832"}],"wp:attachment":[{"href":"https:\/\/tilefly.com\/es\/wp-json\/wp\/v2\/media?parent=120830"}],"wp:term":[{"taxonomy":"product_brand","embeddable":true,"href":"https:\/\/tilefly.com\/es\/wp-json\/wp\/v2\/product_brand?post=120830"},{"taxonomy":"product_cat","embeddable":true,"href":"https:\/\/tilefly.com\/es\/wp-json\/wp\/v2\/product_cat?post=120830"},{"taxonomy":"product_tag","embeddable":true,"href":"https:\/\/tilefly.com\/es\/wp-json\/wp\/v2\/product_tag?post=120830"}],"curies":[{"name":"wp","href":"https:\/\/api.w.org\/{rel}","templated":true}]}}