{"id":120708,"date":"2020-10-14T22:46:14","date_gmt":"2020-10-14T20:46:14","guid":{"rendered":"https:\/\/tilefly.com\/producto\/mosaico-piedra-bodrum-dk-304-x-304\/"},"modified":"2024-05-06T00:00:58","modified_gmt":"2024-05-05T22:00:58","slug":"mosaico-piedra-bodrum-dk-304-x-304","status":"publish","type":"product","link":"https:\/\/tilefly.com\/es\/producto\/mosaico-piedra-bodrum-dk-304-x-304\/","title":{"rendered":"BODRUM-DK 30,4 X 30,4"},"content":{"rendered":"<p>Mosaico compuesto de peque\u00f1as barritas de m\u00e1rmol emperador claro, emperador oscuro y crema marfil en acabado brillo.  Un cl\u00e1sico atemporal  para decorar con la elegancia que  aporta el m\u00e1rmol natural.<\/p>","protected":false},"excerpt":{"rendered":"<p>Mosaico compuesto de peque\u00f1as barritas de m\u00e1rmol emperador claro, emperador oscuro y crema marfil en acabado brillo. Un cl\u00e1sico atemporal para decorar con la elegancia que aporta el m\u00e1rmol natural.<\/p>\n","protected":false},"featured_media":120710,"comment_status":"open","ping_status":"closed","template":"","meta":[],"product_brand":[],"product_cat":[562,563,564],"product_tag":[],"class_list":{"0":"post-120708","1":"product","2":"type-product","3":"status-publish","4":"has-post-thumbnail","6":"product_cat-badkamer-tegels","7":"product_cat-keuken-tegel","8":"product_cat-wandtegels","10":"first","11":"instock","12":"shipping-taxable","13":"purchasable","14":"product-type-simple"},"_links":{"self":[{"href":"https:\/\/tilefly.com\/es\/wp-json\/wp\/v2\/product\/120708","targetHints":{"allow":["GET"]}}],"collection":[{"href":"https:\/\/tilefly.com\/es\/wp-json\/wp\/v2\/product"}],"about":[{"href":"https:\/\/tilefly.com\/es\/wp-json\/wp\/v2\/types\/product"}],"replies":[{"embeddable":true,"href":"https:\/\/tilefly.com\/es\/wp-json\/wp\/v2\/comments?post=120708"}],"wp:featuredmedia":[{"embeddable":true,"href":"https:\/\/tilefly.com\/es\/wp-json\/wp\/v2\/media\/120710"}],"wp:attachment":[{"href":"https:\/\/tilefly.com\/es\/wp-json\/wp\/v2\/media?parent=120708"}],"wp:term":[{"taxonomy":"product_brand","embeddable":true,"href":"https:\/\/tilefly.com\/es\/wp-json\/wp\/v2\/product_brand?post=120708"},{"taxonomy":"product_cat","embeddable":true,"href":"https:\/\/tilefly.com\/es\/wp-json\/wp\/v2\/product_cat?post=120708"},{"taxonomy":"product_tag","embeddable":true,"href":"https:\/\/tilefly.com\/es\/wp-json\/wp\/v2\/product_tag?post=120708"}],"curies":[{"name":"wp","href":"https:\/\/api.w.org\/{rel}","templated":true}]}}