{"id":120680,"date":"2020-10-14T22:46:14","date_gmt":"2020-10-14T20:46:14","guid":{"rendered":"https:\/\/tilefly.com\/producto\/revestimiento-porcelanico-berlin-terra-glossy-147x147\/"},"modified":"2022-09-01T21:12:27","modified_gmt":"2022-09-01T19:12:27","slug":"revestimiento-porcelanico-berlin-terra-glossy-147x147","status":"publish","type":"product","link":"https:\/\/tilefly.com\/es\/producto\/revestimiento-porcelanico-berlin-terra-glossy-147x147\/","title":{"rendered":"BERLIN TERRA GLOSSY 14,7X14,7"},"content":{"rendered":"<p>Baldosa de porcel\u00e1nico imitaci\u00f3n cemento en 14,7\u00d714,7. Original y vers\u00e1til por su c\u00e1lida tonalidad terracota brillo, sobre una superficie que fusiona la textura irregular del barro artesanal con el aspecto del cemento aguado, ligeramente destonificado.<br \/>DUNE presenta BERLIN, la nueva serie donde el concepto cemento se reinventa con m\u00faltiples propuestas de formatos, colores y complementos pensados para combinarse entre s\u00ed. <\/p><p>El azulejo en peque\u00f1o formato es una opci\u00f3n ideal para aportar un aspecto acogedor y c\u00e1lido a cualquier estancia. <\/p><p>\u00a1Atr\u00e9vete a combinarlo con los colores, formatos y decoraciones de esta colecci\u00f3n!<\/p><p>suelo y pared<br \/>porcel\u00e1nico<br \/>interior y exterior<br \/>resistente y f\u00e1cil de mantener <\/p>","protected":false},"excerpt":{"rendered":"<p>Baldosa de porcel\u00e1nico imitaci\u00f3n cemento en 14,7\u00d714,7. Original y vers\u00e1til por su c\u00e1lida tonalidad terracota brillo, sobre una superficie que fusiona la textura irregular del barro artesanal con el aspecto del cemento aguado, ligeramente destonificado.DUNE presenta BERLIN, la nueva serie donde el concepto cemento se reinventa con m\u00faltiples propuestas de formatos, colores y complementos pensados [&hellip;]<\/p>\n","protected":false},"featured_media":120682,"comment_status":"open","ping_status":"closed","template":"","meta":[],"product_brand":[],"product_cat":[305,306,304],"product_tag":[],"class_list":{"0":"post-120680","1":"product","2":"type-product","3":"status-publish","4":"has-post-thumbnail","6":"product_cat-banos","7":"product_cat-cocina","8":"product_cat-revestimiento","10":"first","11":"instock","12":"shipping-taxable","13":"purchasable","14":"product-type-simple"},"_links":{"self":[{"href":"https:\/\/tilefly.com\/es\/wp-json\/wp\/v2\/product\/120680","targetHints":{"allow":["GET"]}}],"collection":[{"href":"https:\/\/tilefly.com\/es\/wp-json\/wp\/v2\/product"}],"about":[{"href":"https:\/\/tilefly.com\/es\/wp-json\/wp\/v2\/types\/product"}],"replies":[{"embeddable":true,"href":"https:\/\/tilefly.com\/es\/wp-json\/wp\/v2\/comments?post=120680"}],"wp:featuredmedia":[{"embeddable":true,"href":"https:\/\/tilefly.com\/es\/wp-json\/wp\/v2\/media\/120682"}],"wp:attachment":[{"href":"https:\/\/tilefly.com\/es\/wp-json\/wp\/v2\/media?parent=120680"}],"wp:term":[{"taxonomy":"product_brand","embeddable":true,"href":"https:\/\/tilefly.com\/es\/wp-json\/wp\/v2\/product_brand?post=120680"},{"taxonomy":"product_cat","embeddable":true,"href":"https:\/\/tilefly.com\/es\/wp-json\/wp\/v2\/product_cat?post=120680"},{"taxonomy":"product_tag","embeddable":true,"href":"https:\/\/tilefly.com\/es\/wp-json\/wp\/v2\/product_tag?post=120680"}],"curies":[{"name":"wp","href":"https:\/\/api.w.org\/{rel}","templated":true}]}}