{"id":120672,"date":"2020-10-14T22:46:14","date_gmt":"2020-10-14T20:46:14","guid":{"rendered":"https:\/\/tilefly.com\/producto\/pavimento-porcelanico-berlin-terra-45x90\/"},"modified":"2025-05-28T00:26:14","modified_gmt":"2025-05-27T22:26:14","slug":"pavimento-porcelanico-berlin-terra-45x90","status":"publish","type":"product","link":"https:\/\/tilefly.com\/es\/producto\/pavimento-porcelanico-berlin-terra-45x90\/","title":{"rendered":"BERLIN TERRA 45X90"},"content":{"rendered":"<p>Baldosa de porcel\u00e1nico imitaci\u00f3n cemento en 45\u00d790, agradable color terracota con aspecto de cemento aguado, ligeramente destonificado.<br \/>DUNE presenta BERLIN, la nueva serie donde el concepto cemento se reinventa con m\u00faltiples propuestas de formatos, colores y complementos<\/p><p>suelo y pared<br \/>porcel\u00e1nico<br \/>rectificada<br \/>resistente y f\u00e1cil de mantener <\/p>","protected":false},"excerpt":{"rendered":"<p>Baldosa de porcel\u00e1nico imitaci\u00f3n cemento en 45\u00d790, agradable color terracota con aspecto de cemento aguado, ligeramente destonificado.DUNE presenta BERLIN, la nueva serie donde el concepto cemento se reinventa con m\u00faltiples propuestas de formatos, colores y complementossuelo y paredporcel\u00e1nicorectificadaresistente y f\u00e1cil de mantener<\/p>\n","protected":false},"featured_media":120674,"comment_status":"open","ping_status":"closed","template":"","meta":[],"product_brand":[],"product_cat":[561,565],"product_tag":[],"class_list":{"0":"post-120672","1":"product","2":"type-product","3":"status-publish","4":"has-post-thumbnail","6":"product_cat-vloertegels","7":"product_cat-woonkamer-tegels","9":"first","10":"outofstock","11":"shipping-taxable","12":"purchasable","13":"product-type-simple"},"_links":{"self":[{"href":"https:\/\/tilefly.com\/es\/wp-json\/wp\/v2\/product\/120672","targetHints":{"allow":["GET"]}}],"collection":[{"href":"https:\/\/tilefly.com\/es\/wp-json\/wp\/v2\/product"}],"about":[{"href":"https:\/\/tilefly.com\/es\/wp-json\/wp\/v2\/types\/product"}],"replies":[{"embeddable":true,"href":"https:\/\/tilefly.com\/es\/wp-json\/wp\/v2\/comments?post=120672"}],"wp:featuredmedia":[{"embeddable":true,"href":"https:\/\/tilefly.com\/es\/wp-json\/wp\/v2\/media\/120674"}],"wp:attachment":[{"href":"https:\/\/tilefly.com\/es\/wp-json\/wp\/v2\/media?parent=120672"}],"wp:term":[{"taxonomy":"product_brand","embeddable":true,"href":"https:\/\/tilefly.com\/es\/wp-json\/wp\/v2\/product_brand?post=120672"},{"taxonomy":"product_cat","embeddable":true,"href":"https:\/\/tilefly.com\/es\/wp-json\/wp\/v2\/product_cat?post=120672"},{"taxonomy":"product_tag","embeddable":true,"href":"https:\/\/tilefly.com\/es\/wp-json\/wp\/v2\/product_tag?post=120672"}],"curies":[{"name":"wp","href":"https:\/\/api.w.org\/{rel}","templated":true}]}}