{"id":116894,"date":"2020-10-13T00:49:27","date_gmt":"2020-10-12T22:49:27","guid":{"rendered":"https:\/\/tilefly.com\/producto\/revestimiento-ceramica-atelier-black-glossy-75x30\/"},"modified":"2025-05-28T00:28:30","modified_gmt":"2025-05-27T22:28:30","slug":"revestimiento-ceramica-atelier-black-glossy-75x30","status":"publish","type":"product","link":"https:\/\/tilefly.com\/es\/producto\/revestimiento-ceramica-atelier-black-glossy-75x30\/","title":{"rendered":"ATELIER BLACK GLOSSY 7,5X30"},"content":{"rendered":"<p>La cer\u00e1mica en peque\u00f1o formato es una tendencia indiscutible en decoraci\u00f3n. ATELIER es una propuesta que imita las piezas hechas a mano, gracias a su borde irregular y a su ligero relieve. Disponible en una amplia gama de colores brillo y mate, es la opci\u00f3n perfecta para dar un toque acogedor a cualquier espacio, tanto p\u00fablico como privado.<\/p>","protected":false},"excerpt":{"rendered":"<p>La cer\u00e1mica en peque\u00f1o formato es una tendencia indiscutible en decoraci\u00f3n. ATELIER es una propuesta que imita las piezas hechas a mano, gracias a su borde irregular y a su ligero relieve. Disponible en una amplia gama de colores brillo y mate, es la opci\u00f3n perfecta para dar un toque acogedor a cualquier espacio, tanto [&hellip;]<\/p>\n","protected":false},"featured_media":116896,"comment_status":"open","ping_status":"closed","template":"","meta":[],"product_brand":[],"product_cat":[457,458,459],"product_tag":[],"class_list":{"0":"post-116894","1":"product","2":"type-product","3":"status-publish","4":"has-post-thumbnail","6":"product_cat-badezimmer","7":"product_cat-kuchen","8":"product_cat-wandfliesen","10":"first","11":"outofstock","12":"shipping-taxable","13":"purchasable","14":"product-type-simple"},"_links":{"self":[{"href":"https:\/\/tilefly.com\/es\/wp-json\/wp\/v2\/product\/116894","targetHints":{"allow":["GET"]}}],"collection":[{"href":"https:\/\/tilefly.com\/es\/wp-json\/wp\/v2\/product"}],"about":[{"href":"https:\/\/tilefly.com\/es\/wp-json\/wp\/v2\/types\/product"}],"replies":[{"embeddable":true,"href":"https:\/\/tilefly.com\/es\/wp-json\/wp\/v2\/comments?post=116894"}],"wp:featuredmedia":[{"embeddable":true,"href":"https:\/\/tilefly.com\/es\/wp-json\/wp\/v2\/media\/116896"}],"wp:attachment":[{"href":"https:\/\/tilefly.com\/es\/wp-json\/wp\/v2\/media?parent=116894"}],"wp:term":[{"taxonomy":"product_brand","embeddable":true,"href":"https:\/\/tilefly.com\/es\/wp-json\/wp\/v2\/product_brand?post=116894"},{"taxonomy":"product_cat","embeddable":true,"href":"https:\/\/tilefly.com\/es\/wp-json\/wp\/v2\/product_cat?post=116894"},{"taxonomy":"product_tag","embeddable":true,"href":"https:\/\/tilefly.com\/es\/wp-json\/wp\/v2\/product_tag?post=116894"}],"curies":[{"name":"wp","href":"https:\/\/api.w.org\/{rel}","templated":true}]}}