{"id":116868,"date":"2020-10-13T00:49:27","date_gmt":"2020-10-12T22:49:27","guid":{"rendered":"https:\/\/tilefly.com\/producto\/mosaico-cristal-argus-299x299\/"},"modified":"2024-05-06T00:01:04","modified_gmt":"2024-05-05T22:01:04","slug":"mosaico-cristal-argus-299x299","status":"publish","type":"product","link":"https:\/\/tilefly.com\/es\/producto\/mosaico-cristal-argus-299x299\/","title":{"rendered":"ARGUS 29,9X29,9"},"content":{"rendered":"<p>Impresionante mosaico de cristal donde aplicamos varias t\u00e9cnicas tales como, la impresi\u00f3n digital, acabados met\u00e1licos y teselas iridiscentes. Combina con multitud de colores siendo los blancos y beiges los que mejor quedar\u00edan.<\/p>","protected":false},"excerpt":{"rendered":"<p>Impresionante mosaico de cristal donde aplicamos varias t\u00e9cnicas tales como, la impresi\u00f3n digital, acabados met\u00e1licos y teselas iridiscentes. Combina con multitud de colores siendo los blancos y beiges los que mejor quedar\u00edan.<\/p>\n","protected":false},"featured_media":116870,"comment_status":"open","ping_status":"closed","template":"","meta":[],"product_brand":[],"product_cat":[305,306,304],"product_tag":[],"class_list":{"0":"post-116868","1":"product","2":"type-product","3":"status-publish","4":"has-post-thumbnail","6":"product_cat-banos","7":"product_cat-cocina","8":"product_cat-revestimiento","10":"first","11":"instock","12":"shipping-taxable","13":"purchasable","14":"product-type-simple"},"_links":{"self":[{"href":"https:\/\/tilefly.com\/es\/wp-json\/wp\/v2\/product\/116868","targetHints":{"allow":["GET"]}}],"collection":[{"href":"https:\/\/tilefly.com\/es\/wp-json\/wp\/v2\/product"}],"about":[{"href":"https:\/\/tilefly.com\/es\/wp-json\/wp\/v2\/types\/product"}],"replies":[{"embeddable":true,"href":"https:\/\/tilefly.com\/es\/wp-json\/wp\/v2\/comments?post=116868"}],"wp:featuredmedia":[{"embeddable":true,"href":"https:\/\/tilefly.com\/es\/wp-json\/wp\/v2\/media\/116870"}],"wp:attachment":[{"href":"https:\/\/tilefly.com\/es\/wp-json\/wp\/v2\/media?parent=116868"}],"wp:term":[{"taxonomy":"product_brand","embeddable":true,"href":"https:\/\/tilefly.com\/es\/wp-json\/wp\/v2\/product_brand?post=116868"},{"taxonomy":"product_cat","embeddable":true,"href":"https:\/\/tilefly.com\/es\/wp-json\/wp\/v2\/product_cat?post=116868"},{"taxonomy":"product_tag","embeddable":true,"href":"https:\/\/tilefly.com\/es\/wp-json\/wp\/v2\/product_tag?post=116868"}],"curies":[{"name":"wp","href":"https:\/\/api.w.org\/{rel}","templated":true}]}}