{"id":116852,"date":"2020-10-13T00:49:27","date_gmt":"2020-10-12T22:49:27","guid":{"rendered":"https:\/\/tilefly.com\/producto\/revestimiento-ceramica-arco-menta-15x15\/"},"modified":"2025-10-21T08:39:15","modified_gmt":"2025-10-21T06:39:15","slug":"revestimiento-ceramica-arco-menta-15x15","status":"publish","type":"product","link":"https:\/\/tilefly.com\/es\/producto\/revestimiento-ceramica-arco-menta-15x15\/","title":{"rendered":"ARCO MENTA 15X15"},"content":{"rendered":"<p>Baldosa verde de 15\u00d715 cm en acabado brillo, con suaves variaciones de color. Su relieve en forma de arco permite diferentes colocaciones.<br \/>ARCO es una decoraci\u00f3n de la serie TARANTELA, un sencillo relieve en forma de arco que permite jugar con la colocaci\u00f3n para obtener diversas geometr\u00edas. Disponible en cuatro colores frescos y brillantes: los delicados HUESO y VAINILLA aportan claridad y el MENTA o el AZUL nos traen la frescura de la naturaleza<br \/>El azulejo en peque\u00f1o formato es una opci\u00f3n ideal para aportar un toque acogedor y c\u00e1lido a cualquier estancia.<br \/>\u00a1Atr\u00e9vete a combinar los distintos colores y a jugar con su forma!<br \/>pared<br \/>interior<br \/>f\u00e1cil limpieza<\/p>","protected":false},"excerpt":{"rendered":"<p>Baldosa verde de 15\u00d715 cm en acabado brillo, con suaves variaciones de color. Su relieve en forma de arco permite diferentes colocaciones.ARCO es una decoraci\u00f3n de la serie TARANTELA, un sencillo relieve en forma de arco que permite jugar con la colocaci\u00f3n para obtener diversas geometr\u00edas. Disponible en cuatro colores frescos y brillantes: los delicados [&hellip;]<\/p>\n","protected":false},"featured_media":116854,"comment_status":"open","ping_status":"closed","template":"","meta":[],"product_brand":[],"product_cat":[354,355,356],"product_tag":[],"class_list":{"0":"post-116852","1":"product","2":"type-product","3":"status-publish","4":"has-post-thumbnail","6":"product_cat-carrelage-salle-de-bain","7":"product_cat-cuisines","8":"product_cat-faiences","10":"first","11":"outofstock","12":"shipping-taxable","13":"purchasable","14":"product-type-simple"},"_links":{"self":[{"href":"https:\/\/tilefly.com\/es\/wp-json\/wp\/v2\/product\/116852","targetHints":{"allow":["GET"]}}],"collection":[{"href":"https:\/\/tilefly.com\/es\/wp-json\/wp\/v2\/product"}],"about":[{"href":"https:\/\/tilefly.com\/es\/wp-json\/wp\/v2\/types\/product"}],"replies":[{"embeddable":true,"href":"https:\/\/tilefly.com\/es\/wp-json\/wp\/v2\/comments?post=116852"}],"wp:featuredmedia":[{"embeddable":true,"href":"https:\/\/tilefly.com\/es\/wp-json\/wp\/v2\/media\/116854"}],"wp:attachment":[{"href":"https:\/\/tilefly.com\/es\/wp-json\/wp\/v2\/media?parent=116852"}],"wp:term":[{"taxonomy":"product_brand","embeddable":true,"href":"https:\/\/tilefly.com\/es\/wp-json\/wp\/v2\/product_brand?post=116852"},{"taxonomy":"product_cat","embeddable":true,"href":"https:\/\/tilefly.com\/es\/wp-json\/wp\/v2\/product_cat?post=116852"},{"taxonomy":"product_tag","embeddable":true,"href":"https:\/\/tilefly.com\/es\/wp-json\/wp\/v2\/product_tag?post=116852"}],"curies":[{"name":"wp","href":"https:\/\/api.w.org\/{rel}","templated":true}]}}