{"id":116723,"date":"2020-10-13T00:19:29","date_gmt":"2020-10-12T22:19:29","guid":{"rendered":"https:\/\/tilefly.com\/producto\/revestimiento-ceramica-alzata-chiaro-15x30\/"},"modified":"2025-05-28T00:28:19","modified_gmt":"2025-05-27T22:28:19","slug":"revestimiento-ceramica-alzata-chiaro-15x30","status":"publish","type":"product","link":"https:\/\/tilefly.com\/es\/producto\/revestimiento-ceramica-alzata-chiaro-15x30\/","title":{"rendered":"ALZATA CHIARO 15X30"},"content":{"rendered":"<p>Para los amantes del estilo cl\u00e1sico este z\u00f3calo, que complementa al capitel, resulta una opci\u00f3n decorativa id\u00f3nea para los azulejos de la serie IMPERIALE dispuestos en vertical.<\/p>","protected":false},"excerpt":{"rendered":"<p>Para los amantes del estilo cl\u00e1sico este z\u00f3calo, que complementa al capitel, resulta una opci\u00f3n decorativa id\u00f3nea para los azulejos de la serie IMPERIALE dispuestos en vertical.<\/p>\n","protected":false},"featured_media":116725,"comment_status":"open","ping_status":"closed","template":"","meta":[],"product_brand":[],"product_cat":[847,848,827],"product_tag":[],"class_list":{"0":"post-116723","1":"product","2":"type-product","3":"status-publish","4":"has-post-thumbnail","6":"product_cat-bagni","7":"product_cat-cucine","8":"product_cat-rivestimento","10":"first","11":"outofstock","12":"shipping-taxable","13":"purchasable","14":"product-type-simple"},"_links":{"self":[{"href":"https:\/\/tilefly.com\/es\/wp-json\/wp\/v2\/product\/116723","targetHints":{"allow":["GET"]}}],"collection":[{"href":"https:\/\/tilefly.com\/es\/wp-json\/wp\/v2\/product"}],"about":[{"href":"https:\/\/tilefly.com\/es\/wp-json\/wp\/v2\/types\/product"}],"replies":[{"embeddable":true,"href":"https:\/\/tilefly.com\/es\/wp-json\/wp\/v2\/comments?post=116723"}],"wp:featuredmedia":[{"embeddable":true,"href":"https:\/\/tilefly.com\/es\/wp-json\/wp\/v2\/media\/116725"}],"wp:attachment":[{"href":"https:\/\/tilefly.com\/es\/wp-json\/wp\/v2\/media?parent=116723"}],"wp:term":[{"taxonomy":"product_brand","embeddable":true,"href":"https:\/\/tilefly.com\/es\/wp-json\/wp\/v2\/product_brand?post=116723"},{"taxonomy":"product_cat","embeddable":true,"href":"https:\/\/tilefly.com\/es\/wp-json\/wp\/v2\/product_cat?post=116723"},{"taxonomy":"product_tag","embeddable":true,"href":"https:\/\/tilefly.com\/es\/wp-json\/wp\/v2\/product_tag?post=116723"}],"curies":[{"name":"wp","href":"https:\/\/api.w.org\/{rel}","templated":true}]}}