{"id":105337,"date":"2020-10-07T16:42:15","date_gmt":"2020-10-07T14:42:15","guid":{"rendered":"https:\/\/tilefly.com\/?post_type=product&#038;p=105337"},"modified":"2024-09-09T08:22:34","modified_gmt":"2024-09-09T06:22:34","slug":"rodapie-super-blanco-natural-7-1x80","status":"publish","type":"product","link":"https:\/\/tilefly.com\/es\/producto\/rodapie-super-blanco-natural-7-1x80\/","title":{"rendered":"ROD, SUPER BLANCO NATURAL 7,1X80"},"content":{"rendered":"<p>Rodapie del producto Super Blanco Natural 80&#215;80 porcelanico rectificado en tama\u00f1o final 7,1cm x 80cm de la serie Assoluto.<br \/>Producto de fabricaci\u00f3n bajo pedido, el tiempo estimado de fabricaci\u00f3n es de 4 semanas aproximadamente.<br \/>Elegir entre canto romado o canto recto<\/p>","protected":false},"excerpt":{"rendered":"<p>Rodapie del producto Super Blanco Natural 80&#215;80 porcelanico rectificado en tama\u00f1o final 7,1cm x 80cm de la serie Assoluto.Producto de fabricaci\u00f3n bajo pedido, el tiempo estimado de fabricaci\u00f3n es de 4 semanas aproximadamente.Elegir entre canto romado o canto recto<\/p>\n","protected":false},"featured_media":105341,"comment_status":"closed","ping_status":"closed","template":"","meta":[],"product_brand":[],"product_cat":[302],"product_tag":[],"class_list":{"0":"post-105337","1":"product","2":"type-product","3":"status-publish","4":"has-post-thumbnail","6":"product_cat-sin-categorizar","8":"first","9":"outofstock","10":"shipping-taxable","11":"purchasable","12":"product-type-simple"},"_links":{"self":[{"href":"https:\/\/tilefly.com\/es\/wp-json\/wp\/v2\/product\/105337","targetHints":{"allow":["GET"]}}],"collection":[{"href":"https:\/\/tilefly.com\/es\/wp-json\/wp\/v2\/product"}],"about":[{"href":"https:\/\/tilefly.com\/es\/wp-json\/wp\/v2\/types\/product"}],"replies":[{"embeddable":true,"href":"https:\/\/tilefly.com\/es\/wp-json\/wp\/v2\/comments?post=105337"}],"wp:featuredmedia":[{"embeddable":true,"href":"https:\/\/tilefly.com\/es\/wp-json\/wp\/v2\/media\/105341"}],"wp:attachment":[{"href":"https:\/\/tilefly.com\/es\/wp-json\/wp\/v2\/media?parent=105337"}],"wp:term":[{"taxonomy":"product_brand","embeddable":true,"href":"https:\/\/tilefly.com\/es\/wp-json\/wp\/v2\/product_brand?post=105337"},{"taxonomy":"product_cat","embeddable":true,"href":"https:\/\/tilefly.com\/es\/wp-json\/wp\/v2\/product_cat?post=105337"},{"taxonomy":"product_tag","embeddable":true,"href":"https:\/\/tilefly.com\/es\/wp-json\/wp\/v2\/product_tag?post=105337"}],"curies":[{"name":"wp","href":"https:\/\/api.w.org\/{rel}","templated":true}]}}