{"id":36,"date":"2018-08-01T10:52:13","date_gmt":"2018-08-01T10:52:13","guid":{"rendered":"http:\/\/proyectox.extraslab.com\/?page_id=36"},"modified":"2023-03-07T15:50:30","modified_gmt":"2023-03-07T14:50:30","slug":"aviso-legal","status":"publish","type":"page","link":"https:\/\/tilefly.com\/es\/aviso-legal\/","title":{"rendered":"Aviso legal"},"content":{"rendered":"<div class=\"bloque container\"><h5><strong>OBJETO.<\/strong><\/h5><p>Las siguientes condiciones legales regula el acceso y el uso del sitio web <a href=\"https:\/\/tilefly.com\/\">www.tilefly.com <\/a>(de ahora en adelante \u201csitio) y, p\u00e1gina web de la propiedad del titular Monde Tiles S.L., en adelante llamado TILEFLY.<\/p><p>NIF: B44525111<\/p><p>Direcci\u00f3n CUSTA VILLAREAL ONDA S\/N, 1300, Onda, Castell\u00f3n, Espa\u00f1a.<\/p><p>Email: <a href=\"mailto:info@tilefly.com\">info@tilefly.com<\/a><\/p><p>Tel\u00e9fono: +34 964052488<\/p><p>El acceso y uso de este sitio implica que usted (en adelante llamado \u201cusuario) reconoce haber le\u00eddo y comprendido estas condiciones legales de uso y establece cumplirlas en su totalidad.<\/p><p>Si usted no est\u00e1 conforme con alguna de las siguientes condiciones, deber\u00e1 abandonar este sitio y dejar de acceder a \u00e9l.<\/p><p>&nbsp;<\/p><h5><strong>PROPIDEAD DEL SITIO WEB TILEFLY.COM<\/strong><\/h5><p>En conformidad con la Ley 34\/2002, del 11 de julio y dem\u00e1s legislaci\u00f3n aplicable, le informamos que este sitio web es propiedad de Monde Tiles S.L con NIF B44525111.<\/p><p>Usted podr\u00e1 contactar con TILEFLY en el n\u00famero de tel\u00e9fono +34 964052488 o en la direcci\u00f3n de correo electr\u00f3nico <a href=\"mailto:info@tilefly.com\">info@tilefly.com<\/a><\/p><p>Excepto que se establezca de otro modo, las comunicaciones con TILEFLY se podr\u00e1n realizar mediante correo postal\/ordinario en la direcci\u00f3n f\u00edsica antes mencionada o mediante el correo electr\u00f3nico <a href=\"mailto:info@tilefly.com\">info@tilefly.com<\/a>. TILEFLY se pondr\u00e1 en contacto con el usuario v\u00eda correo electr\u00f3nico en la direcci\u00f3n que obre en su poder o le sea facilitada al respecto.<\/p><p>&nbsp;<\/p><h5><strong>FUNCIONAMIENTO DEL SITIO WEB TILEFLY.COM<\/strong><\/h5><p>TILEFLY se reserva el derecho, en cualquier momento, unilateralmente y sin necesidad de previa notificaci\u00f3n a los usuarios, modificar los contenido, estructura, usabilidad, funcionamiento o condiciones de acceso a este sitio.<\/p><p>No obstante, los usuarios del sitio aceptan y son conocedores de que parte de la informaci\u00f3n contenida en el sitio podr\u00eda ser incorrecta, incompleta, desactualizada o pudiendo tener errores tipogr\u00e1ficos. TILEFLY no esta obligada a una permanente actualizaci\u00f3n del contenido del sitio y no es responsable de la no actualizaci\u00f3n de dicho contenido. El usuarios tiene la exclusiva responsabilidad de evaluar la exactitud y\/o utilidad de cualquier consejo, opini\u00f3n, informaci\u00f3n o cualquier otro tipo de contenido que albergue este sitio.<\/p><p>As\u00ed mismo, TILEFLY se reserva el derecho, sin necesidad de previo aviso, de suspender temporalmente el acceso a este sitio para realizar operaciones de actualizaci\u00f3n, gesti\u00f3n, mantenimiento, mejora o de reparaci\u00f3n del sitio.<\/p><p>El usuario tiene prohibido el uso del sitio web para env\u00edo, publicaci\u00f3n o transmisi\u00f3n de cualquier contenido o material ilegal, calumnioso, difamatorio, amenazante, propagand\u00edstico, pornogr\u00e1fico, escandaloso, obsceno o cualquier otro contenido que pudiera dar lugar a responsabilidades penales o civiles conforme a la legislaci\u00f3n aplicable. En el caso de producirse estos hechos mencionados, la responsabilidad la tendr\u00e1 el usuario.<\/p><p>TILEFLY no garantiza que este sitio web o los servidores que lo alojan est\u00e9n libres de virus o de otro tipo de software potencialmente peligroso, as\u00ed como la continuidad, disponibilidad, utilidad e infalibilidad del funcionamiento de este sitio, de sus servicios o sus contenidos; ni la fiabilidad, licitud o utilidad de la informaci\u00f3n y contenidos transmitidos por terceros a trav\u00e9s de este sitio.<\/p><p>Con car\u00e1cter general s\u00f3lo podr\u00e1n usar este sitio las personas f\u00edsicas y jur\u00eddicas con capacidad jur\u00eddica suficiente de acuerdo con la legislaci\u00f3n aplicable. De modo excepcional podr\u00e1n usar el sitio, menores de edad que hayan obtenido previamente la autorizaci\u00f3n de sus padres o tutores legales, los cuales ser\u00e1n responsables del uso que el menor a su cargo haga del sitio.<\/p><p>&nbsp;<\/p><h5><strong>COMPORTAMIENTO DE LOS USUARIOS Y PROHIBICIONES.<\/strong><\/h5><p>El uso de los servicios y contenidos ofrecidos por TILEFLY ser\u00e1 bajo la exclusiva responsabilidad y riesgo del usuario.<\/p><p>TILEFLY no asume ning\u00fan compromiso ni deber de verificar o de vigilar los contenidos e informaciones transmitidos por los usuarios.<\/p><p>El usuario se compromete a utilizar el sitio web, sus servicios y todo su contenido siempre con sujeci\u00f3n a la Ley, a las buenas costumbres, de un modo diligente y sometido a las presentes condiciones generales, manteniendo siempre el respeto hacia los dem\u00e1s usuarios.<\/p><p>Igualmente, el usuario se compromete a hacer un uso adecuado de la informaci\u00f3n, contenidos y materiales en el sitio web, no emple\u00e1ndolos para realizar actividades constitutivas de delito o il\u00edcitas, que infrinjan la regulaci\u00f3n sobre propiedad intelectual e industrial, que atenten contra los derechos de tercero o cualesquiera otras normas del ordenamiento jur\u00eddico aplicable, siendo el \u00fanico responsable frente a TILEFLY y a terceros por el incumplimiento de lo aqu\u00ed establecido.<\/p><p>El usuario se compromete a no introducir, difundir, transmitir o poner a disposici\u00f3n de terceros, cualquier tipo de informaci\u00f3n o material contrarios a la Ley, al orden p\u00fablico, a la moral y a las presentes condiciones generales de uso.<\/p><p>En todo caso, el usuario habr\u00e1 de aportar siempre una informaci\u00f3n veraz que no pueda llevar a ning\u00fan tipo de error, as\u00ed como datos correctos de identificaci\u00f3n y nunca suplantando a terceros o en nombre de \u00e9stos.<\/p><p>En relaci\u00f3n con la infracci\u00f3n de cualquier irregularidad, recuerde que, por el simple acceso a nuestro sitio web, la direcci\u00f3n IP de su ordenador queda registrada.<\/p><p>&nbsp;<\/p><h5><strong>ZONAS PROTEGIDAS DEL SITIO WEB.<\/strong><\/h5><p>Generalmente para el acceso a los servicios y sitio de TILEFLY no ser\u00e1 necesario la suscripci\u00f3n o registro del usuario.<\/p><p>La utilizaci\u00f3n de determinados servicios podr\u00e1 estar condicionada a la previa obtenci\u00f3n de una cuenta personal mediante el registro del usuario. El proceso de este registro se efectuar\u00e1 en la forma expresamente se\u00f1alada en el sitio web.<\/p><p>Este sitio puede contener zonas de acceso restringido, protegidas por contrase\u00f1as, identificadores u otros mecanismos de seguridad. El usuario no intentar\u00e1 acceder a estas zonas de acceso restringido si no est\u00e1 debidamente autorizado por TILEFLY , ni intentar\u00e1 soslayar o manipular los mecanismos de protecci\u00f3n establecidos por ella.<\/p><p>El usuario que haya sido autorizado por TILEFLY para acceder a alguna de estas zonas protegidas ser\u00e1 el exclusivo responsable de mantener en estricto secreto, y no divulgar a terceros, las contrase\u00f1as, identificadores y dem\u00e1s m\u00e9todos de seguridad que TILEFLY ponga a su disposici\u00f3n para acceder a las zonas restringidas. Por tanto, el usuario ser\u00e1 el \u00fanico responsable de los da\u00f1os que se deriven de no mantener en secreto los mecanismos de seguridad mencionados.<\/p><p>Se comunica al usuario que el intento de acceso no autorizado a las zonas de acceso restringido de este sitio puede estar sujeto a responsabilidad civil y\/o penal.<\/p><p>&nbsp;<\/p><h5><strong>PROPIEDAD INTELECTUAL E INDUSTRIAL.<\/strong><\/h5><p>Todos los contenidos del sitio, incluyendo, a t\u00edtulo enunciativo y no limitativo, las marcas comerciales, gr\u00e1ficos, logotipos, im\u00e1genes, archivos de sonido y v\u00eddeo, software, c\u00f3digo de programaci\u00f3n, textos, iconos, y los nombres que identifican servicios (en adelante \u201clos materiales\u201d) son propiedad de TILEFLY y est\u00e1n protegidos por la legislaci\u00f3n vigente en materia de derechos de propiedad intelectual e industrial.<\/p><p>El acceso del usuario a este sitio no implica ning\u00fan tipo de transmisi\u00f3n, renuncia ni cesi\u00f3n, total o parcial, de dichos derechos de propiedad. Es por ello que el acceso a estos contenidos o elementos no otorga, bajo ning\u00fan concepto, al usuario la posibilidad de su copia, venta, reproducci\u00f3n, modificaci\u00f3n, cesi\u00f3n, publicaci\u00f3n, transmisi\u00f3n o creaci\u00f3n de nuevos productos o servicios derivados de la informaci\u00f3n y elementos aqu\u00ed contenidos.<\/p><p>Es por ello que, salvo previa autorizaci\u00f3n expresa y por escrito de TILEFLY, el usuario de este sitio no podr\u00e1 copiar, descargar, \u00a0distribuir, modificar, borrar, alterar, suprimir, publicar, transmitir, o aprovecharse de cualquier forma de los materiales del sitio.<\/p><p>El usuario no adquiere derechos o licencia en relaci\u00f3n con el servicio ni los elementos en el mismo, excepto el derecho limitado a utilizar el servicio de acuerdo con las condiciones aplicables. \u00danicamente podr\u00e1 utilizar los contenidos o elementos a los que acceda a trav\u00e9s de los servicios de TILEFLY para su propio uso y necesidades, oblig\u00e1ndose a no realizar ni directa, ni indirectamente una explotaci\u00f3n comercial, ni de los servicios, ni de los materiales, elementos, contenidos o informaci\u00f3n obtenidos a trav\u00e9s de los mismos.<\/p><p>&nbsp;<\/p><h5><strong>PROTECCI\u00d3N DE DATOS Y POL\u00cdTICA DE PRIVACIDAD.<\/strong><\/h5><p>Consultar la secci\u00f3n\u00a0<a href=\"https:\/\/tilefly.com\/politica-de-privacidad\/\">Pol\u00edtica de Privacidad<\/a><\/p><p>&nbsp;<\/p><h5><strong>POL\u00cdTICA DEL USO DE COOKIES.<\/strong><\/h5><p>Consultar la secci\u00f3n\u00a0<a href=\"https:\/\/tilefly.com\/politica-de-privacidad\/\">Pol\u00edtica de Privacidad<\/a><\/p><p>&nbsp;<\/p><h5><strong>CONDICIONES DE VENTA Y DEVOLUCI\u00d3N.<\/strong><\/h5><p>Consultar la secci\u00f3n\u00a0<a href=\"https:\/\/tilefly.com\/faq\/como-devolver-o-anular-pedido\/\">Condiciones de Venta y Devoluci\u00f3n<\/a><\/p><p>&nbsp;<\/p><h5><strong>INFORMACI\u00d3N TRANSMITIDA POR LOS USUARIOS.<\/strong><\/h5><p>Este sitio puede contener foros p\u00fablicos, salas de conversaci\u00f3n (\u201cchats\u201d) y otros mecanismos mediante los cuales los usuarios pueden intercambiar archivos en formato electr\u00f3nico o expresar sus opiniones. Las comunicaciones, informaciones y los ficheros que se env\u00eden a trav\u00e9s de estos foros y salas, junto con las direcciones de correo electr\u00f3nico y otras comunicaciones divulgadas por los usuarios no tendr\u00e1n la consideraci\u00f3n de material confidencial.<\/p><p>Cuando los usuarios publiquen o transmitan cualquier tipo de informaci\u00f3n a este sitio, estar\u00e1n otorgando autorizaci\u00f3n a TILEFLY para utilizar dicha informaci\u00f3n, incluyendo, sin limitaci\u00f3n, la utilizaci\u00f3n, , transmisi\u00f3n, reproducci\u00f3n, publicaci\u00f3n o env\u00edo de dicha informaci\u00f3n con cualquier objeto, incluyendo, sin limitaci\u00f3n, la reproducci\u00f3n, transmisi\u00f3n, revelaci\u00f3n, \u00a0publicaci\u00f3n o env\u00edo de dicha informaci\u00f3n.<\/p><p>TILEFLY no asume responsabilidad alguna por el contenido de las comunicaciones o la informaci\u00f3n enviadas por sus usuarios a trav\u00e9s de estas \u00e1reas.<\/p><p>&nbsp;<\/p><h5><strong>EXCLUSI\u00d3N DE GARANT\u00cdAS Y RESPONSABILIDADES DEL SITIO.<\/strong><\/h5><p>Toda la informaci\u00f3n contenida en este sitio se suministra \u201ctal cual\u201d, sin que TILEFLY otorgue garant\u00edas de ninguna clase, impl\u00edcitas como expresas, relativas a la fiabilidad, precisi\u00f3n e integridad de este sitio. La empresa TILEFLY no otorga ninguna garant\u00eda, impl\u00edcita o expl\u00edcita, incluyendo, a t\u00edtulo enunciativo y no limitativo, garant\u00edas por incumplimiento de comerciabilidad, de calidad \u00a0o de idoneidad para un fin determinado.<\/p><p>TILEFLY tampoco garantiza que este sitio web, o los servidores que lo alojan, est\u00e9n libres de virus y de otros tipos de software potencialmente peligroso.<\/p><p>TILEFLY no garantiza la continuidad, \u00a0disponibilidad, utilidad e infalibilidad del funcionamiento de este sitio, de sus servicios o de sus contenidos; ni la fiabilidad o utilidad de la informaci\u00f3n y contenidos suministrados por terceros a trav\u00e9s de este sitio. Pese a que TILEFLY realiza todo esfuerzo razonable para garantizar la disponibilidad, acceso, continuidad, e infalibilidad del funcionamiento y de sus servicios, TILEFLY no garantiza las mismas, pues pueden verse interferidas por numerosos factores ajenos a ella. En consecuencia, no ser\u00e1 responsable, con los l\u00edmites establecidos en el ordenamiento jur\u00eddico vigente, por los perjuicios y da\u00f1os de toda naturaleza causados al usuario como consecuencia de la citada indisponibilidad, fallos de falta de continuidad y acceso.<\/p><p>&nbsp;<\/p><h5><strong>LIMITACI\u00d3N DE RESPONSABILIDAD.<\/strong><\/h5><p>TILEFLY no se responsabilizar\u00e1 en forma alguna de cualquier da\u00f1o directo o indirecto, lucro cesante o p\u00e9rdida de datos y \/o clientes que se deriven del uso por parte de los usuarios o de la imposibilidad de uso de este sitio.<\/p><p>Este sitio puede contener v\u00ednculos hipertextuales (\u201cLinks\u201d) y remisiones a otras p\u00e1ginas y sitios web que pueden no estar controlados por TILEFLY, en estos casos TILEFLY no se responsabilizar\u00e1 de los contenidos que se puedan presentar en dichas p\u00e1ginas.<\/p><p>El usuario acepta expresamente dejar exenta a TILEFLY de cualquier responsabilidad de los actos u omisiones del usuario basadas en los contenidos e informaci\u00f3n alojados en este sitio.<\/p><p>El usuario entiende y acepta expresamente que cualquier tipo de contenido, software o cualquier otro tipo de material, que obtenga, descargue o consiga de cualquier otra forma a trav\u00e9s de este sitio se realiza por su cuenta y riesgo, y que \u00e9l como usuario ser\u00e1 el \u00fanico responsable de cualquier da\u00f1o o p\u00e9rdida de datos causado a sus sistemas inform\u00e1ticos.<\/p><p>TILEFLY ha puesto todos los medios razonables para asegurar que la informaci\u00f3n que contiene este sitio es correcta. No obstante, los usuarios del sitio aceptan conocer que parte de la informaci\u00f3n contenida en este sitio podr\u00eda estar incompleta, ser incorrecta, no actualizada o contener errores.<\/p><p>&nbsp;<\/p><h5><strong>DERECHO DE EXCLUSI\u00d3N Y NULIDAD PARCIAL.<\/strong><\/h5><p>TILEFLY se reserva el derecho de eliminar, cancelar o desautorizar la utilizaci\u00f3n de todos o alguno de los servicios del sitio web a cualquier usuario sin necesidad de previo aviso si a su criterio, y en cualquier tipo de circunstancia, \u00e9ste estuviera realizando un uso incorrecto del mismo.<\/p><p>Si un Tribunal competente resuelve que cualquiera de las disposiciones contenidas en estas condiciones legales es il\u00edcita o nula, tal disposici\u00f3n ser\u00e1 excluida si as\u00ed se requiriera legalmente. El usuario acepta expresamente que el resto de las disposiciones no excluidas no se ver\u00e1n modificadas, y que seguir\u00e1n teniendo plena vigencia.<\/p><p>&nbsp;<\/p><h5><strong>LEY APLICABLE Y JURISDICCI\u00d3N.<\/strong><\/h5><p>Este sitio se encuentra ubicado y es operado desde Espa\u00f1a. Todas las cuestiones relativas a este sitio se rigen por las leyes espa\u00f1olas y se someten a la jurisdicci\u00f3n de los Juzgados y Tribunales competentes de Espa\u00f1a, sin que sean de aplicaci\u00f3n los principios sobre conflicto de leyes. En aquellos casos en que el usuario no tenga la condici\u00f3n de consumidor, o que tenga su domicilio fuera de Espa\u00f1a, TILEFLY y el usuario se someter\u00e1n a los Juzgados y Tribunales de Castell\u00f3n. Con renuncia expresa a cualquier otro fuero que pudiera corresponderles.<\/p><p>Si el usuario decide consultar o utilizar este sitio desde fuera de Espa\u00f1a, deber\u00e1 tener presente que lo hace por propia iniciativa, y que es responsable del cumplimiento de las leyes locales pertinentes.<\/p><p>&nbsp;<\/p><h5><strong>DURACI\u00d3N Y REVISI\u00d3N.<\/strong><\/h5><p>Pese a que la relaci\u00f3n jur\u00eddica entre TILEFLY y el usuario, derivada del acceso y utilizaci\u00f3n del sitio, tiene una duraci\u00f3n indefinida, \u00e9sta se considerar\u00e1 finalizada en el momento que la compa\u00f1\u00eda modifique las presentes condiciones generales. En el momento en el que la compa\u00f1\u00eda anuncie la modificaci\u00f3n de las condiciones generales, y el usuario acceda y utilice y acceda entre ambas partes de car\u00e1cter igualmente indefinido.<\/p><p>Sin perjuicio de lo anterior, la empresa TILEFLY est\u00e1 facultada para interrumpir, suspender o dar por finalizada de modo unilateral, en cualquier momento y sin necesidad de pre aviso ni justa causa, la prestaci\u00f3n de cualquiera de los servicios que ofrece.<\/p><p>TILEFLY se reserva el derecho a revisar, unilateralmente y sin previo aviso, las presentes condiciones de uso en cualquier momento. Las condiciones revisadas entrar\u00e1n en vigor tan pronto queden publicadas en este sitio. Si el usuario hace uso habitual de este sitio deber\u00e1 revisar las condiciones con regularidad y renunciar\u00e1 de acceder al sitio si no considerara aceptables cualquiera de las condiciones revisadas.<\/p><p>Asimismo, le informamos de la posibilidad de que ejerza los derechos de acceso, cancelaci\u00f3n, rectificaci\u00f3n y oposici\u00f3n\u00a0de sus datos de car\u00e1cter personal, manera gratuita mediante email a <a href=\"mailto:info@tilefly.com\">info@tilefly.com <\/a>o en la direcci\u00f3n de correo postal: CUSTA VILLAREAL ONDA S\/N, 12200 ONDA, CASTELLON.<\/p><p>&nbsp;<\/p><\/div><h5><\/h5>","protected":false},"excerpt":{"rendered":"","protected":false},"author":65821,"featured_media":0,"parent":0,"menu_order":0,"comment_status":"closed","ping_status":"closed","template":"","meta":{"footnotes":""},"class_list":["post-36","page","type-page","status-publish","hentry"],"_links":{"self":[{"href":"https:\/\/tilefly.com\/es\/wp-json\/wp\/v2\/pages\/36","targetHints":{"allow":["GET"]}}],"collection":[{"href":"https:\/\/tilefly.com\/es\/wp-json\/wp\/v2\/pages"}],"about":[{"href":"https:\/\/tilefly.com\/es\/wp-json\/wp\/v2\/types\/page"}],"author":[{"embeddable":true,"href":"https:\/\/tilefly.com\/es\/wp-json\/wp\/v2\/users\/65821"}],"replies":[{"embeddable":true,"href":"https:\/\/tilefly.com\/es\/wp-json\/wp\/v2\/comments?post=36"}],"version-history":[{"count":0,"href":"https:\/\/tilefly.com\/es\/wp-json\/wp\/v2\/pages\/36\/revisions"}],"wp:attachment":[{"href":"https:\/\/tilefly.com\/es\/wp-json\/wp\/v2\/media?parent=36"}],"curies":[{"name":"wp","href":"https:\/\/api.w.org\/{rel}","templated":true}]}}