{"id":65719,"date":"2019-09-13T14:17:08","date_gmt":"2019-09-13T12:17:08","guid":{"rendered":"https:\/\/tilefly.com\/producto\/cromatica-porcelanico-baldosas-revestimiento-banos-salon-cocina-cara035198\/"},"modified":"2024-05-06T03:03:24","modified_gmt":"2024-05-06T01:03:24","slug":"cromatica-porcelanico-baldosas-revestimiento-banos-salon-cocina-cara035198","status":"publish","type":"product","link":"https:\/\/tilefly.com\/de\/produkt\/cromatica-porcelanico-baldosas-revestimiento-banos-salon-cocina-cara035198\/","title":{"rendered":"DROP GREY 13,8X13,8"},"content":{"rendered":"<h1><strong>Azulejo Porcel\u00e1nico DROP GREY 13,8X13,8<\/strong><\/h1><p>Este azulejo Porcel\u00e1nico en formato 13,8X13,8 cm, acabado Mate y color Gris es perfecto para tu hogar. Su material de fabricaci\u00f3n es Porcel\u00e1nico.<\/p><p>Caracter\u00edsticas especiales: <\/p>","protected":false},"excerpt":{"rendered":"<p>Azulejo Porcel\u00e1nico DROP GREY 13,8X13,8Este azulejo Porcel\u00e1nico en formato 13,8X13,8 cm, acabado Mate y color Gris es perfecto para tu hogar. Su material de fabricaci\u00f3n es Porcel\u00e1nico.Caracter\u00edsticas especiales:<\/p>\n","protected":false},"featured_media":65720,"comment_status":"closed","ping_status":"closed","template":"","meta":[],"product_brand":[],"product_cat":[561,562,563,564,565],"product_tag":[],"class_list":{"0":"post-65719","1":"product","2":"type-product","3":"status-publish","4":"has-post-thumbnail","6":"product_cat-vloertegels","7":"product_cat-badkamer-tegels","8":"product_cat-keuken-tegel","9":"product_cat-wandtegels","10":"product_cat-woonkamer-tegels","12":"first","13":"outofstock","14":"shipping-taxable","15":"purchasable","16":"product-type-simple"},"_links":{"self":[{"href":"https:\/\/tilefly.com\/de\/wp-json\/wp\/v2\/product\/65719","targetHints":{"allow":["GET"]}}],"collection":[{"href":"https:\/\/tilefly.com\/de\/wp-json\/wp\/v2\/product"}],"about":[{"href":"https:\/\/tilefly.com\/de\/wp-json\/wp\/v2\/types\/product"}],"replies":[{"embeddable":true,"href":"https:\/\/tilefly.com\/de\/wp-json\/wp\/v2\/comments?post=65719"}],"wp:featuredmedia":[{"embeddable":true,"href":"https:\/\/tilefly.com\/de\/wp-json\/wp\/v2\/media\/65720"}],"wp:attachment":[{"href":"https:\/\/tilefly.com\/de\/wp-json\/wp\/v2\/media?parent=65719"}],"wp:term":[{"taxonomy":"product_brand","embeddable":true,"href":"https:\/\/tilefly.com\/de\/wp-json\/wp\/v2\/product_brand?post=65719"},{"taxonomy":"product_cat","embeddable":true,"href":"https:\/\/tilefly.com\/de\/wp-json\/wp\/v2\/product_cat?post=65719"},{"taxonomy":"product_tag","embeddable":true,"href":"https:\/\/tilefly.com\/de\/wp-json\/wp\/v2\/product_tag?post=65719"}],"curies":[{"name":"wp","href":"https:\/\/api.w.org\/{rel}","templated":true}]}}