{"id":65340,"date":"2019-09-13T14:12:43","date_gmt":"2019-09-13T12:12:43","guid":{"rendered":"https:\/\/tilefly.com\/producto\/decorado-mosaicos-metro-pasta-blanca-revestimiento-banos-salon-cocina-cara032953\/"},"modified":"2025-10-29T09:09:50","modified_gmt":"2025-10-29T08:09:50","slug":"decorado-mosaicos-metro-pasta-blanca-revestimiento-banos-salon-cocina-cara032953","status":"publish","type":"product","link":"https:\/\/tilefly.com\/de\/produkt\/decorado-mosaicos-metro-pasta-blanca-revestimiento-banos-salon-cocina-cara032953\/","title":{"rendered":"DYNAMIC PEARL 7,5X30"},"content":{"rendered":"<p>Con esta colecci\u00f3n <a href=\"https:\/\/tilefly.com\/producto\/dynamic\/\">Dynamic<\/a> recuperamos la escama, un cl\u00e1sico de la historia de la cer\u00e1mica.<br \/>La colecci\u00f3n se completa con baldosas formato brick y una variada gama de colores vivos.<br \/>Esta colecci\u00f3n destaca por el craquelado de la super\u00a4cie, un efecto natural y vivo que le da<br \/>una personalidad propia.<\/p>","protected":false},"excerpt":{"rendered":"<p>Con esta colecci\u00f3n Dynamic recuperamos la escama, un cl\u00e1sico de la historia de la cer\u00e1mica.La colecci\u00f3n se completa con baldosas formato brick y una variada gama de colores vivos.Esta colecci\u00f3n destaca por el craquelado de la super\u00a4cie, un efecto natural y vivo que le dauna personalidad propia.<\/p>\n","protected":false},"featured_media":65341,"comment_status":"closed","ping_status":"closed","template":"","meta":[],"product_brand":[],"product_cat":[457,458,459,460],"product_tag":[],"class_list":{"0":"post-65340","1":"product","2":"type-product","3":"status-publish","4":"has-post-thumbnail","6":"product_cat-badezimmer","7":"product_cat-kuchen","8":"product_cat-wandfliesen","9":"product_cat-bodenfliesen","11":"first","12":"instock","13":"shipping-taxable","14":"purchasable","15":"product-type-simple"},"_links":{"self":[{"href":"https:\/\/tilefly.com\/de\/wp-json\/wp\/v2\/product\/65340","targetHints":{"allow":["GET"]}}],"collection":[{"href":"https:\/\/tilefly.com\/de\/wp-json\/wp\/v2\/product"}],"about":[{"href":"https:\/\/tilefly.com\/de\/wp-json\/wp\/v2\/types\/product"}],"replies":[{"embeddable":true,"href":"https:\/\/tilefly.com\/de\/wp-json\/wp\/v2\/comments?post=65340"}],"wp:featuredmedia":[{"embeddable":true,"href":"https:\/\/tilefly.com\/de\/wp-json\/wp\/v2\/media\/65341"}],"wp:attachment":[{"href":"https:\/\/tilefly.com\/de\/wp-json\/wp\/v2\/media?parent=65340"}],"wp:term":[{"taxonomy":"product_brand","embeddable":true,"href":"https:\/\/tilefly.com\/de\/wp-json\/wp\/v2\/product_brand?post=65340"},{"taxonomy":"product_cat","embeddable":true,"href":"https:\/\/tilefly.com\/de\/wp-json\/wp\/v2\/product_cat?post=65340"},{"taxonomy":"product_tag","embeddable":true,"href":"https:\/\/tilefly.com\/de\/wp-json\/wp\/v2\/product_tag?post=65340"}],"curies":[{"name":"wp","href":"https:\/\/api.w.org\/{rel}","templated":true}]}}