{"id":64890,"date":"2019-09-13T14:07:12","date_gmt":"2019-09-13T12:07:12","guid":{"rendered":"https:\/\/tilefly.com\/producto\/decorado-mosaicos-imitacion-cemento-pasta-blanca-revestimiento-banos-salon-cocina-cara025026\/"},"modified":"2025-05-27T23:25:36","modified_gmt":"2025-05-27T21:25:36","slug":"decorado-mosaicos-imitacion-cemento-pasta-blanca-revestimiento-banos-salon-cocina-cara025026","status":"publish","type":"product","link":"https:\/\/tilefly.com\/de\/produkt\/decorado-mosaicos-imitacion-cemento-pasta-blanca-revestimiento-banos-salon-cocina-cara025026\/","title":{"rendered":"MONOCROMA IVORY 7,5X30"},"content":{"rendered":"<h1><strong>Azulejo Pasta Blanca MONOCROMA IVORY 7,5X30<\/strong><\/h1><p>Este azulejo Pasta Blanca en formato 7,5X30 cm, acabado Brillo y color Gris es perfecto para tu hogar. Su material de fabricaci\u00f3n es Pasta Blanca.<\/p><p>Caracter\u00edsticas especiales: Decorado, Imitaci\u00f3n cemento, Mosaicos<\/p>","protected":false},"excerpt":{"rendered":"<p>Azulejo Pasta Blanca MONOCROMA IVORY 7,5X30Este azulejo Pasta Blanca en formato 7,5X30 cm, acabado Brillo y color Gris es perfecto para tu hogar. Su material de fabricaci\u00f3n es Pasta Blanca.Caracter\u00edsticas especiales: Decorado, Imitaci\u00f3n cemento, Mosaicos<\/p>\n","protected":false},"featured_media":64891,"comment_status":"closed","ping_status":"closed","template":"","meta":[],"product_brand":[],"product_cat":[305,306,304,307],"product_tag":[],"class_list":{"0":"post-64890","1":"product","2":"type-product","3":"status-publish","4":"has-post-thumbnail","6":"product_cat-banos","7":"product_cat-cocina","8":"product_cat-revestimiento","9":"product_cat-salon","11":"first","12":"outofstock","13":"shipping-taxable","14":"purchasable","15":"product-type-simple"},"_links":{"self":[{"href":"https:\/\/tilefly.com\/de\/wp-json\/wp\/v2\/product\/64890","targetHints":{"allow":["GET"]}}],"collection":[{"href":"https:\/\/tilefly.com\/de\/wp-json\/wp\/v2\/product"}],"about":[{"href":"https:\/\/tilefly.com\/de\/wp-json\/wp\/v2\/types\/product"}],"replies":[{"embeddable":true,"href":"https:\/\/tilefly.com\/de\/wp-json\/wp\/v2\/comments?post=64890"}],"wp:featuredmedia":[{"embeddable":true,"href":"https:\/\/tilefly.com\/de\/wp-json\/wp\/v2\/media\/64891"}],"wp:attachment":[{"href":"https:\/\/tilefly.com\/de\/wp-json\/wp\/v2\/media?parent=64890"}],"wp:term":[{"taxonomy":"product_brand","embeddable":true,"href":"https:\/\/tilefly.com\/de\/wp-json\/wp\/v2\/product_brand?post=64890"},{"taxonomy":"product_cat","embeddable":true,"href":"https:\/\/tilefly.com\/de\/wp-json\/wp\/v2\/product_cat?post=64890"},{"taxonomy":"product_tag","embeddable":true,"href":"https:\/\/tilefly.com\/de\/wp-json\/wp\/v2\/product_tag?post=64890"}],"curies":[{"name":"wp","href":"https:\/\/api.w.org\/{rel}","templated":true}]}}