{"id":63432,"date":"2019-09-13T12:42:47","date_gmt":"2019-09-13T10:42:47","guid":{"rendered":"https:\/\/tilefly.com\/producto\/imitacion-cemento-mosaicos-porcelanico-baldosas-revestimiento-banos-salon-cocina-apa034431\/"},"modified":"2025-10-29T09:07:45","modified_gmt":"2025-10-29T08:07:45","slug":"imitacion-cemento-mosaicos-porcelanico-baldosas-revestimiento-banos-salon-cocina-apa034431","status":"publish","type":"product","link":"https:\/\/tilefly.com\/de\/produkt\/imitacion-cemento-mosaicos-porcelanico-baldosas-revestimiento-banos-salon-cocina-apa034431\/","title":{"rendered":"MOSAICO RUSTICO WABI GRAFITE 30X30"},"content":{"rendered":"<h1><strong>Azulejo Porcel\u00e1nico MOSAICO RUSTICO WABI GRAFITE 30X30<\/strong><\/h1><p>Este azulejo Porcel\u00e1nico en formato 30X30 cm, acabado Lapado y color Gris, Negro \/ Oscuro es perfecto para tu hogar. Su material de fabricaci\u00f3n es Porcel\u00e1nico.<\/p><p>Caracter\u00edsticas especiales: Imitaci\u00f3n cemento, Mosaicos<\/p>","protected":false},"excerpt":{"rendered":"<p>Azulejo Porcel\u00e1nico MOSAICO RUSTICO WABI GRAFITE 30X30Este azulejo Porcel\u00e1nico en formato 30X30 cm, acabado Lapado y color Gris, Negro \/ Oscuro es perfecto para tu hogar. Su material de fabricaci\u00f3n es Porcel\u00e1nico.Caracter\u00edsticas especiales: Imitaci\u00f3n cemento, Mosaicos<\/p>\n","protected":false},"featured_media":63433,"comment_status":"closed","ping_status":"closed","template":"","meta":[],"product_brand":[],"product_cat":[303,305,306,304,307],"product_tag":[],"class_list":{"0":"post-63432","1":"product","2":"type-product","3":"status-publish","4":"has-post-thumbnail","6":"product_cat-baldosas","7":"product_cat-banos","8":"product_cat-cocina","9":"product_cat-revestimiento","10":"product_cat-salon","12":"first","13":"instock","14":"shipping-taxable","15":"purchasable","16":"product-type-simple"},"_links":{"self":[{"href":"https:\/\/tilefly.com\/de\/wp-json\/wp\/v2\/product\/63432","targetHints":{"allow":["GET"]}}],"collection":[{"href":"https:\/\/tilefly.com\/de\/wp-json\/wp\/v2\/product"}],"about":[{"href":"https:\/\/tilefly.com\/de\/wp-json\/wp\/v2\/types\/product"}],"replies":[{"embeddable":true,"href":"https:\/\/tilefly.com\/de\/wp-json\/wp\/v2\/comments?post=63432"}],"wp:featuredmedia":[{"embeddable":true,"href":"https:\/\/tilefly.com\/de\/wp-json\/wp\/v2\/media\/63433"}],"wp:attachment":[{"href":"https:\/\/tilefly.com\/de\/wp-json\/wp\/v2\/media?parent=63432"}],"wp:term":[{"taxonomy":"product_brand","embeddable":true,"href":"https:\/\/tilefly.com\/de\/wp-json\/wp\/v2\/product_brand?post=63432"},{"taxonomy":"product_cat","embeddable":true,"href":"https:\/\/tilefly.com\/de\/wp-json\/wp\/v2\/product_cat?post=63432"},{"taxonomy":"product_tag","embeddable":true,"href":"https:\/\/tilefly.com\/de\/wp-json\/wp\/v2\/product_tag?post=63432"}],"curies":[{"name":"wp","href":"https:\/\/api.w.org\/{rel}","templated":true}]}}