{"id":61662,"date":"2019-09-13T12:19:00","date_gmt":"2019-09-13T10:19:00","guid":{"rendered":"https:\/\/tilefly.com\/producto\/imitacion-marmol-imitacion-piedra-porcelanico-baldosas-revestimiento-banos-salon-cocina-apa027358\/"},"modified":"2025-05-27T23:26:40","modified_gmt":"2025-05-27T21:26:40","slug":"imitacion-marmol-imitacion-piedra-porcelanico-baldosas-revestimiento-banos-salon-cocina-apa027358","status":"publish","type":"product","link":"https:\/\/tilefly.com\/de\/produkt\/imitacion-marmol-imitacion-piedra-porcelanico-baldosas-revestimiento-banos-salon-cocina-apa027358\/","title":{"rendered":"APOGEO WHITE RECT, 59X59"},"content":{"rendered":"<h1><strong>Azulejo Porcel\u00e1nico APOGEO WHITE RECT, 59X59<\/strong><\/h1><p>Este azulejo Porcel\u00e1nico en formato 59X59 cm, acabado Mate y color Blanco es perfecto para tu hogar. Su material de fabricaci\u00f3n es Porcel\u00e1nico.<\/p><p>Caracter\u00edsticas especiales: Imitaci\u00f3n m\u00e1rmol, Imitaci\u00f3n piedra<\/p>","protected":false},"excerpt":{"rendered":"<p>Azulejo Porcel\u00e1nico APOGEO WHITE RECT, 59X59Este azulejo Porcel\u00e1nico en formato 59X59 cm, acabado Mate y color Blanco es perfecto para tu hogar. Su material de fabricaci\u00f3n es Porcel\u00e1nico.Caracter\u00edsticas especiales: Imitaci\u00f3n m\u00e1rmol, Imitaci\u00f3n piedra<\/p>\n","protected":false},"featured_media":61663,"comment_status":"closed","ping_status":"closed","template":"","meta":[],"product_brand":[],"product_cat":[561,562,563,564,565],"product_tag":[],"class_list":{"0":"post-61662","1":"product","2":"type-product","3":"status-publish","4":"has-post-thumbnail","6":"product_cat-vloertegels","7":"product_cat-badkamer-tegels","8":"product_cat-keuken-tegel","9":"product_cat-wandtegels","10":"product_cat-woonkamer-tegels","12":"first","13":"outofstock","14":"shipping-taxable","15":"purchasable","16":"product-type-simple"},"_links":{"self":[{"href":"https:\/\/tilefly.com\/de\/wp-json\/wp\/v2\/product\/61662","targetHints":{"allow":["GET"]}}],"collection":[{"href":"https:\/\/tilefly.com\/de\/wp-json\/wp\/v2\/product"}],"about":[{"href":"https:\/\/tilefly.com\/de\/wp-json\/wp\/v2\/types\/product"}],"replies":[{"embeddable":true,"href":"https:\/\/tilefly.com\/de\/wp-json\/wp\/v2\/comments?post=61662"}],"wp:featuredmedia":[{"embeddable":true,"href":"https:\/\/tilefly.com\/de\/wp-json\/wp\/v2\/media\/61663"}],"wp:attachment":[{"href":"https:\/\/tilefly.com\/de\/wp-json\/wp\/v2\/media?parent=61662"}],"wp:term":[{"taxonomy":"product_brand","embeddable":true,"href":"https:\/\/tilefly.com\/de\/wp-json\/wp\/v2\/product_brand?post=61662"},{"taxonomy":"product_cat","embeddable":true,"href":"https:\/\/tilefly.com\/de\/wp-json\/wp\/v2\/product_cat?post=61662"},{"taxonomy":"product_tag","embeddable":true,"href":"https:\/\/tilefly.com\/de\/wp-json\/wp\/v2\/product_tag?post=61662"}],"curies":[{"name":"wp","href":"https:\/\/api.w.org\/{rel}","templated":true}]}}