{"id":60298,"date":"2019-09-13T11:56:35","date_gmt":"2019-09-13T09:56:35","guid":{"rendered":"https:\/\/tilefly.com\/producto\/decorado-porcelanico-revestimiento-banos-salon-cocina-apa017437\/"},"modified":"2025-05-27T23:11:55","modified_gmt":"2025-05-27T21:11:55","slug":"decorado-porcelanico-revestimiento-banos-salon-cocina-apa017437","status":"publish","type":"product","link":"https:\/\/tilefly.com\/de\/produkt\/decorado-porcelanico-revestimiento-banos-salon-cocina-apa017437\/","title":{"rendered":"PIRAMIDE 3D STAR CITY 30,5&#215;30,5"},"content":{"rendered":"<h1><strong>Azulejo Porcel\u00e1nico PIRAMIDE 3D STAR CITY 30,5&#215;30,5<\/strong><\/h1><p>Este azulejo Porcel\u00e1nico en formato  cm, acabado Lapado y color Negro \/ Oscuro es perfecto para tu hogar. Su material de fabricaci\u00f3n es Porcel\u00e1nico.<\/p><p>Caracter\u00edsticas especiales: Decorado<\/p>","protected":false},"excerpt":{"rendered":"<p>Azulejo Porcel\u00e1nico PIRAMIDE 3D STAR CITY 30,5&#215;30,5Este azulejo Porcel\u00e1nico en formato cm, acabado Lapado y color Negro \/ Oscuro es perfecto para tu hogar. Su material de fabricaci\u00f3n es Porcel\u00e1nico.Caracter\u00edsticas especiales: Decorado<\/p>\n","protected":false},"featured_media":60299,"comment_status":"closed","ping_status":"closed","template":"","meta":[],"product_brand":[],"product_cat":[847,848,827,866],"product_tag":[],"class_list":{"0":"post-60298","1":"product","2":"type-product","3":"status-publish","4":"has-post-thumbnail","6":"product_cat-bagni","7":"product_cat-cucine","8":"product_cat-rivestimento","9":"product_cat-salotto","11":"first","12":"outofstock","13":"shipping-taxable","14":"purchasable","15":"product-type-simple"},"_links":{"self":[{"href":"https:\/\/tilefly.com\/de\/wp-json\/wp\/v2\/product\/60298","targetHints":{"allow":["GET"]}}],"collection":[{"href":"https:\/\/tilefly.com\/de\/wp-json\/wp\/v2\/product"}],"about":[{"href":"https:\/\/tilefly.com\/de\/wp-json\/wp\/v2\/types\/product"}],"replies":[{"embeddable":true,"href":"https:\/\/tilefly.com\/de\/wp-json\/wp\/v2\/comments?post=60298"}],"wp:featuredmedia":[{"embeddable":true,"href":"https:\/\/tilefly.com\/de\/wp-json\/wp\/v2\/media\/60299"}],"wp:attachment":[{"href":"https:\/\/tilefly.com\/de\/wp-json\/wp\/v2\/media?parent=60298"}],"wp:term":[{"taxonomy":"product_brand","embeddable":true,"href":"https:\/\/tilefly.com\/de\/wp-json\/wp\/v2\/product_brand?post=60298"},{"taxonomy":"product_cat","embeddable":true,"href":"https:\/\/tilefly.com\/de\/wp-json\/wp\/v2\/product_cat?post=60298"},{"taxonomy":"product_tag","embeddable":true,"href":"https:\/\/tilefly.com\/de\/wp-json\/wp\/v2\/product_tag?post=60298"}],"curies":[{"name":"wp","href":"https:\/\/api.w.org\/{rel}","templated":true}]}}